{"id":868,"date":"2022-04-18T22:10:38","date_gmt":"2022-04-18T20:10:38","guid":{"rendered":"https:\/\/jessmarket.fr\/?post_type=product&#038;p=868"},"modified":"2024-09-22T21:08:05","modified_gmt":"2024-09-22T19:08:05","slug":"couac-guyane-350-g","status":"publish","type":"product","link":"https:\/\/jessmarket.fr\/index.php\/produit\/couac-guyane-350-g\/","title":{"rendered":"couac Guyane  350 g"},"content":{"rendered":"<p><strong>Couac de Guyane &#8211; 7,50 \u20ac<\/strong><\/p>\n<p>D\u00e9couvrez le <strong>Couac de Guyane<\/strong>, une semoule de manioc de qualit\u00e9 exceptionnelle, fabriqu\u00e9e de mani\u00e8re artisanale selon des m\u00e9thodes traditionnelles. Incontournable dans la cuisine guyanaise, le couac accompagne \u00e0 merveille vos plats chauds, salades, et se marie parfaitement avec une multitude de recettes.<\/p>\n<p>Polyvalent, il gonfle simplement avec de l\u2019eau (froide ou chaude) ou du jus de cuisson, et peut m\u00eame \u00eatre utilis\u00e9 comme alternative \u00e0 la chapelure pour paner vos viandes ou l\u00e9gumes. Ce produit authentique est l\u2019ingr\u00e9dient id\u00e9al pour apporter une touche exotique et nutritive \u00e0 vos repas.<\/p>\n<p><strong>D\u00e9tails du produit :<\/strong><\/p>\n<ul>\n<li><strong>Ingr\u00e9dients<\/strong> : Semoule de manioc 100 % artisanale.<\/li>\n<li><strong>Conseils de conservation<\/strong> : \u00c0 conserver dans un endroit sec.<\/li>\n<\/ul>\n<p>Ajoutez une saveur typique de Guyane \u00e0 votre cuisine avec cette semoule de manioc traditionnelle !<\/p>\n<p><strong>M\u00e9langez bien une derni\u00e8re fois. Votre salade de couac est maintenant pr\u00eate \u00e0 \u00eatre savour\u00e9e !<\/strong><br \/>\nAccompagnez l\u00e0 de tranches d&rsquo;avocat frais, de poulet ou de poisson boucan\u00e9, ou encore de viandes grill\u00e9es comme du poisson ou du poulet. Un plat d\u00e9licieux et exotique qui apportera une touche unique \u00e0 vos repas !<\/p>\n<p>&nbsp;<\/p>\n","protected":false},"excerpt":{"rendered":"<p>couac Guyane 350 g<\/p>\n<p>granul\u00e9 de Manioc<\/p>\n<blockquote><p>&nbsp;<\/p><\/blockquote>\n<p>&nbsp;<\/p>\n","protected":false},"featured_media":2074,"comment_status":"open","ping_status":"closed","template":"","meta":{"om_disable_all_campaigns":false,"_monsterinsights_skip_tracking":false,"_monsterinsights_sitenote_active":false,"_monsterinsights_sitenote_note":"","_monsterinsights_sitenote_category":0,"_uf_show_specific_survey":0,"_uf_disable_surveys":false},"product_brand":[],"product_cat":[23],"product_tag":[],"class_list":{"0":"post-868","1":"product","2":"type-product","3":"status-publish","4":"has-post-thumbnail","6":"product_cat-epicerie-afro-exotique","7":"product_shipping_class-livraison-programmees-sur-1-a-4-jours","9":"first","10":"instock","11":"featured","12":"taxable","13":"shipping-taxable","14":"purchasable","15":"product-type-simple"},"aioseo_notices":[],"jetpack_sharing_enabled":true,"_links":{"self":[{"href":"https:\/\/jessmarket.fr\/index.php\/wp-json\/wp\/v2\/product\/868","targetHints":{"allow":["GET"]}}],"collection":[{"href":"https:\/\/jessmarket.fr\/index.php\/wp-json\/wp\/v2\/product"}],"about":[{"href":"https:\/\/jessmarket.fr\/index.php\/wp-json\/wp\/v2\/types\/product"}],"replies":[{"embeddable":true,"href":"https:\/\/jessmarket.fr\/index.php\/wp-json\/wp\/v2\/comments?post=868"}],"wp:featuredmedia":[{"embeddable":true,"href":"https:\/\/jessmarket.fr\/index.php\/wp-json\/wp\/v2\/media\/2074"}],"wp:attachment":[{"href":"https:\/\/jessmarket.fr\/index.php\/wp-json\/wp\/v2\/media?parent=868"}],"wp:term":[{"taxonomy":"product_brand","embeddable":true,"href":"https:\/\/jessmarket.fr\/index.php\/wp-json\/wp\/v2\/product_brand?post=868"},{"taxonomy":"product_cat","embeddable":true,"href":"https:\/\/jessmarket.fr\/index.php\/wp-json\/wp\/v2\/product_cat?post=868"},{"taxonomy":"product_tag","embeddable":true,"href":"https:\/\/jessmarket.fr\/index.php\/wp-json\/wp\/v2\/product_tag?post=868"}],"curies":[{"name":"wp","href":"https:\/\/api.w.org\/{rel}","templated":true}]}}