{"id":841,"date":"2022-04-18T18:17:31","date_gmt":"2022-04-18T16:17:31","guid":{"rendered":"https:\/\/jessmarket.fr\/?post_type=product&#038;p=841"},"modified":"2023-03-09T22:13:06","modified_gmt":"2023-03-09T21:13:06","slug":"bouillon-granule-boeuf-halal-500-g","status":"publish","type":"product","link":"https:\/\/jessmarket.fr\/index.php\/produit\/bouillon-granule-boeuf-halal-500-g\/","title":{"rendered":"Bouillon granul\u00e9 B\u0153uf halal 500 g"},"content":{"rendered":"<p>Bouillon granul\u00e9 B\u0153uf halal 500 g<\/p>\n<p>&nbsp;<\/p>\n","protected":false},"excerpt":{"rendered":"<p>Bouillon granul\u00e9 B\u0153uf halal 500 g<\/p>\n<p>A d\u00e9guster avec des l\u00e9gumes ,sauce accompagner de d\u00e9licieuse brochettes .<\/p>\n<p>&nbsp;<\/p>\n","protected":false},"featured_media":136,"comment_status":"open","ping_status":"closed","template":"","meta":{"om_disable_all_campaigns":false,"_monsterinsights_skip_tracking":false,"_monsterinsights_sitenote_active":false,"_monsterinsights_sitenote_note":"","_monsterinsights_sitenote_category":0,"_uf_show_specific_survey":0,"_uf_disable_surveys":false},"product_brand":[],"product_cat":[23],"product_tag":[28,27,29],"class_list":{"0":"post-841","1":"product","2":"type-product","3":"status-publish","4":"has-post-thumbnail","6":"product_cat-epicerie-afro-exotique","7":"product_tag-cereales","8":"product_tag-sans-gluten","9":"product_tag-saveur-noisette","10":"product_shipping_class-livraison-programmees-sur-1-a-4-jours","12":"first","13":"instock","14":"featured","15":"taxable","16":"shipping-taxable","17":"purchasable","18":"product-type-simple"},"aioseo_notices":[],"jetpack_sharing_enabled":true,"_links":{"self":[{"href":"https:\/\/jessmarket.fr\/index.php\/wp-json\/wp\/v2\/product\/841","targetHints":{"allow":["GET"]}}],"collection":[{"href":"https:\/\/jessmarket.fr\/index.php\/wp-json\/wp\/v2\/product"}],"about":[{"href":"https:\/\/jessmarket.fr\/index.php\/wp-json\/wp\/v2\/types\/product"}],"replies":[{"embeddable":true,"href":"https:\/\/jessmarket.fr\/index.php\/wp-json\/wp\/v2\/comments?post=841"}],"wp:featuredmedia":[{"embeddable":true,"href":"https:\/\/jessmarket.fr\/index.php\/wp-json\/wp\/v2\/media\/136"}],"wp:attachment":[{"href":"https:\/\/jessmarket.fr\/index.php\/wp-json\/wp\/v2\/media?parent=841"}],"wp:term":[{"taxonomy":"product_brand","embeddable":true,"href":"https:\/\/jessmarket.fr\/index.php\/wp-json\/wp\/v2\/product_brand?post=841"},{"taxonomy":"product_cat","embeddable":true,"href":"https:\/\/jessmarket.fr\/index.php\/wp-json\/wp\/v2\/product_cat?post=841"},{"taxonomy":"product_tag","embeddable":true,"href":"https:\/\/jessmarket.fr\/index.php\/wp-json\/wp\/v2\/product_tag?post=841"}],"curies":[{"name":"wp","href":"https:\/\/api.w.org\/{rel}","templated":true}]}}