{"id":837,"date":"2022-04-18T17:13:23","date_gmt":"2022-04-18T15:13:23","guid":{"rendered":"https:\/\/jessmarket.fr\/?post_type=product&#038;p=837"},"modified":"2023-03-09T22:13:06","modified_gmt":"2023-03-09T21:13:06","slug":"haricot-noir-tersol-5kg","status":"publish","type":"product","link":"https:\/\/jessmarket.fr\/index.php\/produit\/haricot-noir-tersol-5kg\/","title":{"rendered":"Haricot noir Tersol\u00a0 5Kg"},"content":{"rendered":"<p>Haricot noir Tersol\u00a0 5Kg<\/p>\n<p>&nbsp;<\/p>\n","protected":false},"excerpt":{"rendered":"<p><em><strong>Haricot noir Tersol\u00a0 sachet de 5Kg<\/strong><\/em><\/p>\n<p>Le haricot noir est originaire d&rsquo;Am\u00e9rique du Sud o\u00f9 on le retrouve dans de nombreuses recettes (dont la feijada br\u00e9silienne).<\/p>\n<p>Au cours des derniers si\u00e8cles, il s&rsquo;est rapidement r\u00e9pandu sur toute la plan\u00e8te.<\/p>\n<p><em><strong>A d\u00e9guster<\/strong><\/em><\/p>\n<p>Il est tr\u00e8s utilis\u00e9 en Asie (ingr\u00e9dients de la sauce noire) et dans la cuisine d&rsquo;outremer (massale, carrys &#8230;).<\/p>\n<p>le haricot noir se marie avec les plats de riz et de fa\u00e7on g\u00e9n\u00e9rale tous les plats de viandes en sauce.<\/p>\n<p><em><strong>Propri\u00e9t\u00e9s nutritionnelles :<\/strong><\/em><\/p>\n<p>Cette l\u00e9gumineuse est pleine de vertus, fibres alimentaires, min\u00e9raux, etc&#8230; et constitue, comme le haricot<i>\u00a0azuki,\u00a0<\/i>une bonne source de prot\u00e9ines v\u00e9g\u00e9tales.<\/p>\n<p style=\"text-align: left;\">\n","protected":false},"featured_media":152,"comment_status":"open","ping_status":"closed","template":"","meta":{"om_disable_all_campaigns":false,"_monsterinsights_skip_tracking":false,"_monsterinsights_sitenote_active":false,"_monsterinsights_sitenote_note":"","_monsterinsights_sitenote_category":0,"_uf_show_specific_survey":0,"_uf_disable_surveys":false},"product_brand":[],"product_cat":[23],"product_tag":[30,31],"class_list":{"0":"post-837","1":"product","2":"type-product","3":"status-publish","4":"has-post-thumbnail","6":"product_cat-epicerie-afro-exotique","7":"product_tag-haricot","8":"product_tag-legumes-sec","9":"product_shipping_class-livraison-programmees-sur-1-a-4-jours","11":"first","12":"instock","13":"featured","14":"taxable","15":"shipping-taxable","16":"purchasable","17":"product-type-simple"},"aioseo_notices":[],"jetpack_sharing_enabled":true,"_links":{"self":[{"href":"https:\/\/jessmarket.fr\/index.php\/wp-json\/wp\/v2\/product\/837","targetHints":{"allow":["GET"]}}],"collection":[{"href":"https:\/\/jessmarket.fr\/index.php\/wp-json\/wp\/v2\/product"}],"about":[{"href":"https:\/\/jessmarket.fr\/index.php\/wp-json\/wp\/v2\/types\/product"}],"replies":[{"embeddable":true,"href":"https:\/\/jessmarket.fr\/index.php\/wp-json\/wp\/v2\/comments?post=837"}],"wp:featuredmedia":[{"embeddable":true,"href":"https:\/\/jessmarket.fr\/index.php\/wp-json\/wp\/v2\/media\/152"}],"wp:attachment":[{"href":"https:\/\/jessmarket.fr\/index.php\/wp-json\/wp\/v2\/media?parent=837"}],"wp:term":[{"taxonomy":"product_brand","embeddable":true,"href":"https:\/\/jessmarket.fr\/index.php\/wp-json\/wp\/v2\/product_brand?post=837"},{"taxonomy":"product_cat","embeddable":true,"href":"https:\/\/jessmarket.fr\/index.php\/wp-json\/wp\/v2\/product_cat?post=837"},{"taxonomy":"product_tag","embeddable":true,"href":"https:\/\/jessmarket.fr\/index.php\/wp-json\/wp\/v2\/product_tag?post=837"}],"curies":[{"name":"wp","href":"https:\/\/api.w.org\/{rel}","templated":true}]}}