{"id":836,"date":"2022-04-18T16:29:32","date_gmt":"2022-04-18T14:29:32","guid":{"rendered":"https:\/\/jessmarket.fr\/?post_type=product&#038;p=836"},"modified":"2023-03-09T22:13:06","modified_gmt":"2023-03-09T21:13:06","slug":"fonio-zam-zam-1kg","status":"publish","type":"product","link":"https:\/\/jessmarket.fr\/index.php\/produit\/fonio-zam-zam-1kg\/","title":{"rendered":"Fonio zam-zam 1kg"},"content":{"rendered":"<p>&nbsp;<\/p>\n<p>&nbsp;<\/p>\n","protected":false},"excerpt":{"rendered":"<p>Fonio zam-zam 1kg<\/p>\n<p>C\u00e9r\u00e9ales sans gluten<\/p>\n<p>Gout neutre pour certains,go\u00fbt de noisette ,il est surtout est tr\u00e8s digeste<\/p>\n<p>et tr\u00e8s facile\u00a0\u00e0 cuisiner (en 5 minutes ).<\/p>\n<p>A d\u00e9guster avec des l\u00e9gumes ,sauce accompagner de d\u00e9licieuse brochettes .<\/p>\n<p>Les Propri\u00e9t\u00e9s m\u00e9dicinales <em><strong>Fonio\u00a0<\/strong><\/em><\/p>\n<p>Le fonio est une c\u00e9r\u00e9ale qui<strong> peut fournir un bon apport en fibres <\/strong>.<\/p>\n<p>Il fournit \u00e9galement plus de prot\u00e9ines que d\u2019autres c\u00e9r\u00e9ales,<\/p>\n<p>y compris la m\u00e9thionine et la cyst\u00e9ine, dont d\u2019autres, comme le riz ou le bl\u00e9, sont d\u00e9ficitaires.<\/p>\n<ul>\n<li>Issu du grec\u00a0<em>phyto<\/em>\u00a0(\u00ab\u00a0plante\u00a0\u00bb), un\u00a0<strong>phytonutriment<\/strong>\u00a0d\u00e9signe litt\u00e9ralement un\u00a0<strong>nutriment d\u2019origine v\u00e9g\u00e9tale<\/strong>.Il s\u2019agit donc d\u2019un compos\u00e9 chimique existant \u00e0 l\u2019\u00e9tat naturel dans les\u00a0<strong>aliments v\u00e9g\u00e9taux<\/strong>et qui pr\u00e9sente des\u00a0<strong>b\u00e9n\u00e9fices<\/strong> pour notre organisme une fois assimil\u00e9 .<\/li>\n<\/ul>\n","protected":false},"featured_media":313,"comment_status":"open","ping_status":"closed","template":"","meta":{"om_disable_all_campaigns":false,"_monsterinsights_skip_tracking":false,"_monsterinsights_sitenote_active":false,"_monsterinsights_sitenote_note":"","_monsterinsights_sitenote_category":0,"_uf_show_specific_survey":0,"_uf_disable_surveys":false},"product_brand":[],"product_cat":[23],"product_tag":[28,27,29],"class_list":{"0":"post-836","1":"product","2":"type-product","3":"status-publish","4":"has-post-thumbnail","6":"product_cat-epicerie-afro-exotique","7":"product_tag-cereales","8":"product_tag-sans-gluten","9":"product_tag-saveur-noisette","10":"product_shipping_class-livraison-programmees-sur-1-a-4-jours","12":"first","13":"instock","14":"featured","15":"taxable","16":"shipping-taxable","17":"purchasable","18":"product-type-simple"},"aioseo_notices":[],"jetpack_sharing_enabled":true,"_links":{"self":[{"href":"https:\/\/jessmarket.fr\/index.php\/wp-json\/wp\/v2\/product\/836","targetHints":{"allow":["GET"]}}],"collection":[{"href":"https:\/\/jessmarket.fr\/index.php\/wp-json\/wp\/v2\/product"}],"about":[{"href":"https:\/\/jessmarket.fr\/index.php\/wp-json\/wp\/v2\/types\/product"}],"replies":[{"embeddable":true,"href":"https:\/\/jessmarket.fr\/index.php\/wp-json\/wp\/v2\/comments?post=836"}],"wp:featuredmedia":[{"embeddable":true,"href":"https:\/\/jessmarket.fr\/index.php\/wp-json\/wp\/v2\/media\/313"}],"wp:attachment":[{"href":"https:\/\/jessmarket.fr\/index.php\/wp-json\/wp\/v2\/media?parent=836"}],"wp:term":[{"taxonomy":"product_brand","embeddable":true,"href":"https:\/\/jessmarket.fr\/index.php\/wp-json\/wp\/v2\/product_brand?post=836"},{"taxonomy":"product_cat","embeddable":true,"href":"https:\/\/jessmarket.fr\/index.php\/wp-json\/wp\/v2\/product_cat?post=836"},{"taxonomy":"product_tag","embeddable":true,"href":"https:\/\/jessmarket.fr\/index.php\/wp-json\/wp\/v2\/product_tag?post=836"}],"curies":[{"name":"wp","href":"https:\/\/api.w.org\/{rel}","templated":true}]}}