{"id":834,"date":"2022-04-18T15:44:52","date_gmt":"2022-04-18T13:44:52","guid":{"rendered":"https:\/\/jessmarket.fr\/?post_type=product&#038;p=834"},"modified":"2023-03-09T22:13:06","modified_gmt":"2023-03-09T21:13:06","slug":"es-feuilles-de-moringa-sechees-50-gr","status":"publish","type":"product","link":"https:\/\/jessmarket.fr\/index.php\/produit\/es-feuilles-de-moringa-sechees-50-gr\/","title":{"rendered":"feuilles de Moringa"},"content":{"rendered":"<p>les feuilles de Moringa s\u00e9ch\u00e9es 50 gr<\/p>\n<p>&nbsp;<\/p>\n","protected":false},"excerpt":{"rendered":"<p>les feuilles de Moringa sachet de 50 gr<\/p>\n<p>A d\u00e9guster <strong>Sous forme de tisane, de soupe ou de smoothie, les feuilles de moringa s\u2019ajoutent partout !<\/strong><\/p>\n<p>Propri\u00e9t\u00e9s m\u00e9dicinales des feuilles de moringa<\/p>\n<p><strong>un bon taux des min\u00e9raux et de vitamines B<\/strong>. Pour pouvoir b\u00e9n\u00e9ficier des prot\u00e9ines et<\/p>\n<p>des vitamines A<\/p>\n<p>Hum, les feuilles de moringa, il suffit de les consommer en bouillies ou dans des soupes<\/p>\n<p>vous pouvez aussi les d\u00e9guster dans votre th\u00e9 et caf\u00e9 (Tradition en Ethiopie ) une pinc\u00e9e suffit\u00a0 .<\/p>\n<p>Si vous cherchez des id\u00e9es recettes,\u00a0<a href=\"https:\/\/www.dihe.fr\/blog-superaliments\/recette-soupe-fraises-moringa-combawa.html\">la soupe moringa-fraise de Christelle<\/a>\u00a0est une petite merveille !<\/p>\n<p>&nbsp;<\/p>\n<p style=\"text-align: left;\">La feuille de Moringa est<strong>\u00a0l\u2019un des superaliments les plus anciens et <\/strong><strong>les plus puissants au monde<\/strong>.<\/p>\n<p style=\"text-align: left;\">Utilis\u00e9e depuis des si\u00e8cles en Inde, mais aussi dans les pays d\u2019Asie du Sud-Est et d\u2019Afrique,<\/p>\n<p style=\"text-align: left;\">la feuille de moringa est pris\u00e9e pour ses\u00a0<strong>nombreuses vertus m\u00e9dicinales<\/strong>.<\/p>\n<p style=\"text-align: left;\">\n","protected":false},"featured_media":132,"comment_status":"open","ping_status":"closed","template":"","meta":{"om_disable_all_campaigns":false,"_monsterinsights_skip_tracking":false,"_monsterinsights_sitenote_active":false,"_monsterinsights_sitenote_note":"","_monsterinsights_sitenote_category":0,"_uf_show_specific_survey":0,"_uf_disable_surveys":false},"product_brand":[],"product_cat":[23],"product_tag":[],"class_list":{"0":"post-834","1":"product","2":"type-product","3":"status-publish","4":"has-post-thumbnail","6":"product_cat-epicerie-afro-exotique","7":"product_shipping_class-livraison-programmees-sur-1-a-4-jours","9":"first","10":"instock","11":"featured","12":"taxable","13":"shipping-taxable","14":"purchasable","15":"product-type-simple"},"aioseo_notices":[],"jetpack_sharing_enabled":true,"_links":{"self":[{"href":"https:\/\/jessmarket.fr\/index.php\/wp-json\/wp\/v2\/product\/834","targetHints":{"allow":["GET"]}}],"collection":[{"href":"https:\/\/jessmarket.fr\/index.php\/wp-json\/wp\/v2\/product"}],"about":[{"href":"https:\/\/jessmarket.fr\/index.php\/wp-json\/wp\/v2\/types\/product"}],"replies":[{"embeddable":true,"href":"https:\/\/jessmarket.fr\/index.php\/wp-json\/wp\/v2\/comments?post=834"}],"wp:featuredmedia":[{"embeddable":true,"href":"https:\/\/jessmarket.fr\/index.php\/wp-json\/wp\/v2\/media\/132"}],"wp:attachment":[{"href":"https:\/\/jessmarket.fr\/index.php\/wp-json\/wp\/v2\/media?parent=834"}],"wp:term":[{"taxonomy":"product_brand","embeddable":true,"href":"https:\/\/jessmarket.fr\/index.php\/wp-json\/wp\/v2\/product_brand?post=834"},{"taxonomy":"product_cat","embeddable":true,"href":"https:\/\/jessmarket.fr\/index.php\/wp-json\/wp\/v2\/product_cat?post=834"},{"taxonomy":"product_tag","embeddable":true,"href":"https:\/\/jessmarket.fr\/index.php\/wp-json\/wp\/v2\/product_tag?post=834"}],"curies":[{"name":"wp","href":"https:\/\/api.w.org\/{rel}","templated":true}]}}