{"id":2154,"date":"2024-09-23T22:04:54","date_gmt":"2024-09-23T20:04:54","guid":{"rendered":"https:\/\/jessmarket.fr\/?post_type=product&#038;p=2154"},"modified":"2024-09-23T22:14:02","modified_gmt":"2024-09-23T20:14:02","slug":"confit-doignons-mangue-100g-delices-de-guyane","status":"publish","type":"product","link":"https:\/\/jessmarket.fr\/index.php\/produit\/confit-doignons-mangue-100g-delices-de-guyane\/","title":{"rendered":"Confit d&rsquo;Oignons Mangue 100g &#8211; D\u00e9lices de Guyane"},"content":{"rendered":"<p><strong>Confit d&rsquo;Oignons Mangue 100g &#8211; D\u00e9lices de Guyane<\/strong><\/p>\n<p>Apportez une touche unique \u00e0 vos plats avec ce d\u00e9licieux Confit d&rsquo;Oignons Mangue des D\u00e9lices de Guyane.<\/p>\n<p>Inspir\u00e9 des traditions culinaires guyanaises et influenc\u00e9 par les saveurs africaines, asiatiques et europ\u00e9ennes,<\/p>\n<p>ce condiment sucr\u00e9 sal\u00e9 avec une l\u00e9g\u00e8re touche de piment saura rehausser vos recettes de f\u00eates.<\/p>\n<p>L&rsquo;association subtile de l&rsquo;oignon caram\u00e9lis\u00e9, de la mangue juteuse et du piment de Cayenne cr\u00e9e un \u00e9quilibre parfait entre douceur et piquant.<\/p>\n<p>Id\u00e9al pour accompagner vos plats de viandes, poissons ou fromages,<\/p>\n<p>ce confit ajoutera une explosion de saveurs exotiques \u00e0 toutes vos cr\u00e9ations culinaires.<\/p>\n<p>Fabriqu\u00e9 \u00e0 partir de produits frais, cultiv\u00e9s dans les terres tropicales de Mana, Matoury ou Macouria,<\/p>\n<p>il pr\u00e9serve toute la richesse de ses ingr\u00e9dients naturels et authentiques.<\/p>\n<p>Suggestion d&rsquo;utilisation : Sublime avec des viandes grill\u00e9es, du foie gras, des poissons fum\u00e9s ou encore des fromages affin\u00e9s.<\/p>\n<p>Id\u00e9al \u00e9galement pour agr\u00e9menter vos sandwichs ou tartines gourmandes.<\/p>\n<p>Poids : 1<strong>00g<\/strong><\/p>\n","protected":false},"excerpt":{"rendered":"<blockquote><p><strong>Confit d&rsquo;Oignons Mangue 100g &#8211; D\u00e9lices de Guyane 3479701901041\u00a0<\/strong><\/p><\/blockquote>\n<p>&nbsp;<\/p>\n","protected":false},"featured_media":2089,"comment_status":"open","ping_status":"closed","template":"","meta":{"om_disable_all_campaigns":false,"_monsterinsights_skip_tracking":false,"_monsterinsights_sitenote_active":false,"_monsterinsights_sitenote_note":"","_monsterinsights_sitenote_category":0,"_uf_show_specific_survey":0,"_uf_disable_surveys":false},"product_brand":[],"product_cat":[23],"product_tag":[],"class_list":{"0":"post-2154","1":"product","2":"type-product","3":"status-publish","4":"has-post-thumbnail","6":"product_cat-epicerie-afro-exotique","7":"product_shipping_class-livraison-programmees-sur-1-a-4-jours","9":"first","10":"instock","11":"featured","12":"taxable","13":"shipping-taxable","14":"purchasable","15":"product-type-simple"},"aioseo_notices":[],"jetpack_sharing_enabled":true,"_links":{"self":[{"href":"https:\/\/jessmarket.fr\/index.php\/wp-json\/wp\/v2\/product\/2154","targetHints":{"allow":["GET"]}}],"collection":[{"href":"https:\/\/jessmarket.fr\/index.php\/wp-json\/wp\/v2\/product"}],"about":[{"href":"https:\/\/jessmarket.fr\/index.php\/wp-json\/wp\/v2\/types\/product"}],"replies":[{"embeddable":true,"href":"https:\/\/jessmarket.fr\/index.php\/wp-json\/wp\/v2\/comments?post=2154"}],"wp:featuredmedia":[{"embeddable":true,"href":"https:\/\/jessmarket.fr\/index.php\/wp-json\/wp\/v2\/media\/2089"}],"wp:attachment":[{"href":"https:\/\/jessmarket.fr\/index.php\/wp-json\/wp\/v2\/media?parent=2154"}],"wp:term":[{"taxonomy":"product_brand","embeddable":true,"href":"https:\/\/jessmarket.fr\/index.php\/wp-json\/wp\/v2\/product_brand?post=2154"},{"taxonomy":"product_cat","embeddable":true,"href":"https:\/\/jessmarket.fr\/index.php\/wp-json\/wp\/v2\/product_cat?post=2154"},{"taxonomy":"product_tag","embeddable":true,"href":"https:\/\/jessmarket.fr\/index.php\/wp-json\/wp\/v2\/product_tag?post=2154"}],"curies":[{"name":"wp","href":"https:\/\/api.w.org\/{rel}","templated":true}]}}