{"id":2152,"date":"2024-09-23T21:18:39","date_gmt":"2024-09-23T19:18:39","guid":{"rendered":"https:\/\/jessmarket.fr\/?post_type=product&#038;p=2152"},"modified":"2024-10-14T21:36:08","modified_gmt":"2024-10-14T19:36:08","slug":"achards-legume-chaleur-creole","status":"publish","type":"product","link":"https:\/\/jessmarket.fr\/index.php\/produit\/achards-legume-chaleur-creole\/","title":{"rendered":"Achards l\u00e9gume chaleur cr\u00e9ole"},"content":{"rendered":"<p><strong>Achards de l\u00e9gumes &#8211; Chaleur Cr\u00e9ole (200g)<\/strong><\/p>\n<p>D\u00e9couvrez les saveurs authentiques de l\u2019oc\u00e9an Indien avec notre d\u00e9licieux <strong>Achards de l\u00e9gumes<\/strong>, une sp\u00e9cialit\u00e9 cr\u00e9ole \u00e9pic\u00e9e et color\u00e9e.<\/p>\n<p>Id\u00e9als pour relever vos entr\u00e9es, ap\u00e9ritifs ou accompagner vos plats principaux,<\/p>\n<p>ces achards sont un m\u00e9lange harmonieux de l\u00e9gumes finement r\u00e2p\u00e9s, assaisonn\u00e9s d&rsquo;\u00e9pices exotiques.<\/p>\n<p>Offrez \u00e0 vos papilles un voyage gustatif unique, rempli de fra\u00eecheur et de piquant !<\/p>\n<p><strong>Ingr\u00e9dients (dont allerg\u00e8nes)<\/strong> :<\/p>\n<ul>\n<li>Chou blanc r\u00e2p\u00e9 (47,6%)<\/li>\n<li>Carottes r\u00e2p\u00e9es (12,5%)<\/li>\n<li>Huile de tournesol (10,5%)<\/li>\n<li>Eau (10,3%)<\/li>\n<li>Oignons \u00e9minc\u00e9s surgel\u00e9s (5%)<\/li>\n<li>Haricots verts coup\u00e9s (5%)<\/li>\n<li>Vinaigre d\u2019alcool (4,1%)<\/li>\n<li>Gingembre (1,7%)<\/li>\n<li>Sel (1,5%)<\/li>\n<li>Ail en cubes (1,3%)<\/li>\n<li>Curcuma (0,6%)<\/li>\n<li>Piment de Cayenne (0,2%)<\/li>\n<\/ul>\n<p><strong>Suggestion d&rsquo;utilisation<\/strong> : Parfait pour accompagner vos grillades, riz ou pour ajouter une touche exotique \u00e0 vos sandwichs et salades.<\/p>\n<p>Poids : <strong>200g<\/strong><\/p>\n","protected":false},"excerpt":{"rendered":"<blockquote><p><strong>Achards l\u00e9gume chaleur cr\u00e9ole 3486411000186 <\/strong><\/p><\/blockquote>\n<p>&nbsp;<\/p>\n","protected":false},"featured_media":2067,"comment_status":"open","ping_status":"closed","template":"","meta":{"om_disable_all_campaigns":false,"_monsterinsights_skip_tracking":false,"_monsterinsights_sitenote_active":false,"_monsterinsights_sitenote_note":"","_monsterinsights_sitenote_category":0,"_uf_show_specific_survey":0,"_uf_disable_surveys":false},"product_brand":[],"product_cat":[23],"product_tag":[],"class_list":{"0":"post-2152","1":"product","2":"type-product","3":"status-publish","4":"has-post-thumbnail","6":"product_cat-epicerie-afro-exotique","7":"product_shipping_class-livraison-programmees-sur-1-a-4-jours","9":"first","10":"instock","11":"featured","12":"taxable","13":"shipping-taxable","14":"purchasable","15":"product-type-simple"},"aioseo_notices":[],"jetpack_sharing_enabled":true,"_links":{"self":[{"href":"https:\/\/jessmarket.fr\/index.php\/wp-json\/wp\/v2\/product\/2152","targetHints":{"allow":["GET"]}}],"collection":[{"href":"https:\/\/jessmarket.fr\/index.php\/wp-json\/wp\/v2\/product"}],"about":[{"href":"https:\/\/jessmarket.fr\/index.php\/wp-json\/wp\/v2\/types\/product"}],"replies":[{"embeddable":true,"href":"https:\/\/jessmarket.fr\/index.php\/wp-json\/wp\/v2\/comments?post=2152"}],"wp:featuredmedia":[{"embeddable":true,"href":"https:\/\/jessmarket.fr\/index.php\/wp-json\/wp\/v2\/media\/2067"}],"wp:attachment":[{"href":"https:\/\/jessmarket.fr\/index.php\/wp-json\/wp\/v2\/media?parent=2152"}],"wp:term":[{"taxonomy":"product_brand","embeddable":true,"href":"https:\/\/jessmarket.fr\/index.php\/wp-json\/wp\/v2\/product_brand?post=2152"},{"taxonomy":"product_cat","embeddable":true,"href":"https:\/\/jessmarket.fr\/index.php\/wp-json\/wp\/v2\/product_cat?post=2152"},{"taxonomy":"product_tag","embeddable":true,"href":"https:\/\/jessmarket.fr\/index.php\/wp-json\/wp\/v2\/product_tag?post=2152"}],"curies":[{"name":"wp","href":"https:\/\/api.w.org\/{rel}","templated":true}]}}