{"id":2058,"date":"2024-09-08T18:49:58","date_gmt":"2024-09-08T16:49:58","guid":{"rendered":"https:\/\/jessmarket.fr\/?post_type=product&#038;p=2058"},"modified":"2024-09-08T18:59:19","modified_gmt":"2024-09-08T16:59:19","slug":"himalaya-aloe-vera-gel-100-ml","status":"publish","type":"product","link":"https:\/\/jessmarket.fr\/index.php\/produit\/himalaya-aloe-vera-gel-100-ml\/","title":{"rendered":"Himalaya ALOE VERA GEL 100 ml"},"content":{"rendered":"<div class=\"flex max-w-full flex-col flex-grow\">\n<div class=\"min-h-[20px] text-message flex w-full flex-col items-end gap-2 break-words [.text-message+&amp;]:mt-5 overflow-x-auto whitespace-normal\" dir=\"auto\" data-message-author-role=\"assistant\" data-message-id=\"96c1b004-b3db-4e86-8a21-77443790baab\">\n<div class=\"flex w-full flex-col gap-1 empty:hidden first:pt-[3px]\">\n<div class=\"markdown prose w-full break-words dark:prose-invert light\">\n<div class=\"flex max-w-full flex-col flex-grow\">\n<div class=\"min-h-[20px] text-message flex w-full flex-col items-end gap-2 whitespace-normal break-words [.text-message+&amp;]:mt-5\" dir=\"auto\" data-message-author-role=\"assistant\" data-message-id=\"76ecae3a-acbb-42e5-bc4d-f3d96280864f\">\n<div class=\"flex w-full flex-col gap-1 empty:hidden first:pt-[3px]\">\n<div class=\"markdown prose w-full break-words dark:prose-invert light\">\n<p><strong>Moisturizing Alo\u00eb Vera Face Wash &#8211; Himalaya 100 ml<\/strong><\/p>\n<p>Nettoyez, rafra\u00eechissez et adoucissez votre peau en un seul geste avec le <strong>Moisturizing Alo\u00eb Vera Face Wash<\/strong> de <strong>Himalaya<\/strong>, sp\u00e9cialement formul\u00e9 pour les peaux s\u00e8ches. Ce nettoyant sans savon hydrate intens\u00e9ment tout en restaurant l\u2019\u00e9quilibre naturel de la peau apr\u00e8s chaque lavage.<\/p>\n<p><strong>Avantages :<\/strong><\/p>\n<ul>\n<li><strong>Hydratation intense<\/strong> : Enrichi en <strong>aloe vera<\/strong>, il adoucit et nourrit la peau, la laissant souple et apais\u00e9e.<\/li>\n<li><strong>Effet rafra\u00eechissant<\/strong> : Le <strong>concombre<\/strong> apporte une sensation de fra\u00eecheur imm\u00e9diate tout en apaisant les irritations.<\/li>\n<li><strong>Sans savon<\/strong>, id\u00e9al pour les peaux sensibles qui ont besoin de douceur sans compromis sur l\u2019efficacit\u00e9.<\/li>\n<li><strong>Formule 100% v\u00e9g\u00e9tarienne<\/strong>, respectueuse de votre peau et de l\u2019environnement.<\/li>\n<\/ul>\n<p>Convient parfaitement aux peaux s\u00e8ches et tiraill\u00e9es pour une sensation durable de confort et d\u2019\u00e9clat. Emballage pratique de <strong>100 ml<\/strong>, id\u00e9al pour un usage quotidien.<\/p>\n<\/div>\n<\/div>\n<\/div>\n<\/div>\n<div class=\"mt-1 flex gap-3 empty:hidden -ml-2\">\n<div class=\"items-center justify-start rounded-xl p-1 flex\">\n<div class=\"flex items-center\"><\/div>\n<\/div>\n<\/div>\n<ul>\n<li>Poids : 100 g<\/li>\n<\/ul>\n<\/div>\n<\/div>\n<\/div>\n<\/div>\n<div class=\"mt-1 flex gap-3 empty:hidden -ml-2\">\n<div class=\"items-center justify-start rounded-xl p-1 flex\">\n<div class=\"flex items-center\"><\/div>\n<\/div>\n<\/div>\n","protected":false},"excerpt":{"rendered":"<p>Himalaya ALOE VERA GEL 100 ml 8901138505530<\/p>\n","protected":false},"featured_media":2059,"comment_status":"open","ping_status":"closed","template":"","meta":{"om_disable_all_campaigns":false,"_monsterinsights_skip_tracking":false,"_monsterinsights_sitenote_active":false,"_monsterinsights_sitenote_note":"","_monsterinsights_sitenote_category":0,"_uf_show_specific_survey":0,"_uf_disable_surveys":false},"product_brand":[],"product_cat":[26],"product_tag":[],"class_list":{"0":"post-2058","1":"product","2":"type-product","3":"status-publish","4":"has-post-thumbnail","6":"product_cat-cosmetique-coiffures-cremes-huiles-afro","7":"product_shipping_class-livraison-programmees-sur-1-a-4-jours","9":"first","10":"instock","11":"featured","12":"shipping-taxable","13":"purchasable","14":"product-type-simple"},"aioseo_notices":[],"jetpack_sharing_enabled":true,"_links":{"self":[{"href":"https:\/\/jessmarket.fr\/index.php\/wp-json\/wp\/v2\/product\/2058","targetHints":{"allow":["GET"]}}],"collection":[{"href":"https:\/\/jessmarket.fr\/index.php\/wp-json\/wp\/v2\/product"}],"about":[{"href":"https:\/\/jessmarket.fr\/index.php\/wp-json\/wp\/v2\/types\/product"}],"replies":[{"embeddable":true,"href":"https:\/\/jessmarket.fr\/index.php\/wp-json\/wp\/v2\/comments?post=2058"}],"wp:featuredmedia":[{"embeddable":true,"href":"https:\/\/jessmarket.fr\/index.php\/wp-json\/wp\/v2\/media\/2059"}],"wp:attachment":[{"href":"https:\/\/jessmarket.fr\/index.php\/wp-json\/wp\/v2\/media?parent=2058"}],"wp:term":[{"taxonomy":"product_brand","embeddable":true,"href":"https:\/\/jessmarket.fr\/index.php\/wp-json\/wp\/v2\/product_brand?post=2058"},{"taxonomy":"product_cat","embeddable":true,"href":"https:\/\/jessmarket.fr\/index.php\/wp-json\/wp\/v2\/product_cat?post=2058"},{"taxonomy":"product_tag","embeddable":true,"href":"https:\/\/jessmarket.fr\/index.php\/wp-json\/wp\/v2\/product_tag?post=2058"}],"curies":[{"name":"wp","href":"https:\/\/api.w.org\/{rel}","templated":true}]}}