{"id":2056,"date":"2024-09-08T18:35:59","date_gmt":"2024-09-08T16:35:59","guid":{"rendered":"https:\/\/jessmarket.fr\/?post_type=product&#038;p=2056"},"modified":"2024-09-08T18:42:29","modified_gmt":"2024-09-08T16:42:29","slug":"huile-amande-douce-100-pure-yari","status":"publish","type":"product","link":"https:\/\/jessmarket.fr\/index.php\/produit\/huile-amande-douce-100-pure-yari\/","title":{"rendered":"Huile Amande Douce 100%  pure Yari 250 ml"},"content":{"rendered":"<p><strong>Huile d&rsquo;Amande Douce 100% Pure Yari &#8211; 250 ml<\/strong><\/p>\n<p>L&rsquo;<strong>Huile d&rsquo;Amande Douce 100% Pure<\/strong> de <strong>Yari<\/strong> (250 ml) est un v\u00e9ritable tr\u00e9sor naturel aux propri\u00e9t\u00e9s multiples : <strong>adoucissante<\/strong>, <strong>nourrissante<\/strong>, <strong>fortifiante<\/strong>, <strong>apaisante<\/strong> et <strong>tonifiante<\/strong>.<\/p>\n<p><strong>Avantages :<\/strong><\/p>\n<ul>\n<li>Id\u00e9ale pour les <strong>peaux sensibles, s\u00e8ches, irrit\u00e9es<\/strong> et <strong>matures<\/strong>, elle offre une hydratation profonde et soulage imm\u00e9diatement les irritations.<\/li>\n<li>Elle nourrit et renforce les <strong>cheveux secs, d\u00e9shydrat\u00e9s<\/strong> et <strong>fragiles<\/strong>, leur redonnant \u00e9clat et vitalit\u00e9.<\/li>\n<li>100% pure et naturelle, cette huile p\u00e9n\u00e8tre rapidement sans laisser de film gras, id\u00e9ale pour un usage quotidien sur la peau et les cheveux.<\/li>\n<\/ul>\n<p>Un soin polyvalent et essentiel pour sublimer naturellement votre peau et vos cheveux.<\/p>\n<p>&nbsp;<\/p>\n<p>poids : 250 g<\/p>\n","protected":false},"excerpt":{"rendered":"<p>Huile Amande Douce 100% pure Yari 8717931601696<\/p>\n","protected":false},"featured_media":2055,"comment_status":"open","ping_status":"closed","template":"","meta":{"om_disable_all_campaigns":false,"_monsterinsights_skip_tracking":false,"_monsterinsights_sitenote_active":false,"_monsterinsights_sitenote_note":"","_monsterinsights_sitenote_category":0,"_uf_show_specific_survey":0,"_uf_disable_surveys":false},"product_brand":[],"product_cat":[26],"product_tag":[],"class_list":{"0":"post-2056","1":"product","2":"type-product","3":"status-publish","4":"has-post-thumbnail","6":"product_cat-cosmetique-coiffures-cremes-huiles-afro","7":"product_shipping_class-livraison-programmees-sur-1-a-4-jours","9":"first","10":"instock","11":"featured","12":"shipping-taxable","13":"purchasable","14":"product-type-simple"},"aioseo_notices":[],"jetpack_sharing_enabled":true,"_links":{"self":[{"href":"https:\/\/jessmarket.fr\/index.php\/wp-json\/wp\/v2\/product\/2056","targetHints":{"allow":["GET"]}}],"collection":[{"href":"https:\/\/jessmarket.fr\/index.php\/wp-json\/wp\/v2\/product"}],"about":[{"href":"https:\/\/jessmarket.fr\/index.php\/wp-json\/wp\/v2\/types\/product"}],"replies":[{"embeddable":true,"href":"https:\/\/jessmarket.fr\/index.php\/wp-json\/wp\/v2\/comments?post=2056"}],"wp:featuredmedia":[{"embeddable":true,"href":"https:\/\/jessmarket.fr\/index.php\/wp-json\/wp\/v2\/media\/2055"}],"wp:attachment":[{"href":"https:\/\/jessmarket.fr\/index.php\/wp-json\/wp\/v2\/media?parent=2056"}],"wp:term":[{"taxonomy":"product_brand","embeddable":true,"href":"https:\/\/jessmarket.fr\/index.php\/wp-json\/wp\/v2\/product_brand?post=2056"},{"taxonomy":"product_cat","embeddable":true,"href":"https:\/\/jessmarket.fr\/index.php\/wp-json\/wp\/v2\/product_cat?post=2056"},{"taxonomy":"product_tag","embeddable":true,"href":"https:\/\/jessmarket.fr\/index.php\/wp-json\/wp\/v2\/product_tag?post=2056"}],"curies":[{"name":"wp","href":"https:\/\/api.w.org\/{rel}","templated":true}]}}