{"id":2046,"date":"2024-09-08T16:52:54","date_gmt":"2024-09-08T14:52:54","guid":{"rendered":"https:\/\/jessmarket.fr\/?post_type=product&#038;p=2046"},"modified":"2024-11-09T19:50:43","modified_gmt":"2024-11-09T18:50:43","slug":"activilong-super-fort-le-kit-defrisant-relax-fort-enrichi-en-macadamia-et-jojoba-450-g","status":"publish","type":"product","link":"https:\/\/jessmarket.fr\/index.php\/produit\/activilong-super-fort-le-kit-defrisant-relax-fort-enrichi-en-macadamia-et-jojoba-450-g\/","title":{"rendered":"ACTIVILONG SUPER FORT le kit d\u00e9frisant Relax Fort, enrichi en Macadamia et Jojoba 450 g"},"content":{"rendered":"<div class=\"flex max-w-full flex-col flex-grow\">\n<div class=\"min-h-[20px] text-message flex w-full flex-col items-end gap-2 break-words [.text-message+&amp;]:mt-5 overflow-x-auto whitespace-normal\" dir=\"auto\" data-message-author-role=\"assistant\" data-message-id=\"96c1b004-b3db-4e86-8a21-77443790baab\">\n<div class=\"flex w-full flex-col gap-1 empty:hidden first:pt-[3px]\">\n<div class=\"markdown prose w-full break-words dark:prose-invert light\">\n<div class=\"flex max-w-full flex-col flex-grow\">\n<div class=\"min-h-[20px] text-message flex w-full flex-col items-end gap-2 whitespace-normal break-words [.text-message+&amp;]:mt-5\" dir=\"auto\" data-message-author-role=\"assistant\" data-message-id=\"a4be05bb-0248-4a50-bfcf-8a750d1b37cf\">\n<div class=\"flex w-full flex-col gap-1 empty:hidden first:pt-[3px]\">\n<div class=\"markdown prose w-full break-words dark:prose-invert light\">\n<p><strong>Kit D\u00e9frisant Sans Soude &#8211; FORT<\/strong><\/p>\n<p><strong>450g\u00a0<\/strong><\/p>\n<p>Con\u00e7u pour les cheveux \u00e9pais et r\u00e9sistants, le <strong>Kit D\u00e9frisant Relax Fort<\/strong> offre bien plus qu\u2019un simple d\u00e9frisage. Enrichi en huiles pr\u00e9cieuses de Macadamia et de Jojoba, ce soin intensif nourrit en profondeur et renforce les cheveux, tout en leur apportant une brillance \u00e9clatante.<\/p>\n<p><strong>Avantages :<\/strong><\/p>\n<ul>\n<li><strong>Sans soude<\/strong>, il respecte le cuir chevelu et la fibre capillaire<\/li>\n<li>Sp\u00e9cialement formul\u00e9 pour les <strong>cheveux \u00e9pais et r\u00e9sistants<\/strong>, offrant un lissage durable et efficace<\/li>\n<li>Les huiles de <strong>Macadamia<\/strong> et de <strong>Jojoba<\/strong> nourrissent intens\u00e9ment et hydratent en profondeur<\/li>\n<li>Laisse les cheveux <strong>brillants<\/strong>, <strong>souples<\/strong> et plus faciles \u00e0 coiffer<\/li>\n<\/ul>\n<p>Id\u00e9al pour obtenir des cheveux parfaitement lisses tout en pr\u00e9servant leur sant\u00e9 et leur vitalit\u00e9.<\/p>\n<\/div>\n<\/div>\n<\/div>\n<\/div>\n<div class=\"mt-1 flex gap-3 empty:hidden -ml-2\">\n<div class=\"items-center justify-start rounded-xl p-1 flex\">\n<div class=\"flex items-center\"><\/div>\n<\/div>\n<\/div>\n<ul>\n<li>Poids : 450g<\/li>\n<\/ul>\n<\/div>\n<\/div>\n<\/div>\n<\/div>\n<div class=\"mt-1 flex gap-3 empty:hidden -ml-2\">\n<div class=\"items-center justify-start rounded-xl p-1 flex\">\n<div class=\"flex items-center\"><\/div>\n<\/div>\n<\/div>\n","protected":false},"excerpt":{"rendered":"<p>ACTIVILONG SUPER FORT le kit d\u00e9frisant Relax Fort, enrichi en Macadamia et Jojoba 450 g 3327520005030<\/p>\n","protected":false},"featured_media":2193,"comment_status":"open","ping_status":"closed","template":"","meta":{"om_disable_all_campaigns":false,"_monsterinsights_skip_tracking":false,"_monsterinsights_sitenote_active":false,"_monsterinsights_sitenote_note":"","_monsterinsights_sitenote_category":0,"_uf_show_specific_survey":0,"_uf_disable_surveys":false},"product_brand":[],"product_cat":[26],"product_tag":[],"class_list":{"0":"post-2046","1":"product","2":"type-product","3":"status-publish","4":"has-post-thumbnail","6":"product_cat-cosmetique-coiffures-cremes-huiles-afro","7":"product_shipping_class-livraison-programmees-sur-1-a-4-jours","9":"first","10":"instock","11":"featured","12":"shipping-taxable","13":"purchasable","14":"product-type-simple"},"aioseo_notices":[],"jetpack_sharing_enabled":true,"_links":{"self":[{"href":"https:\/\/jessmarket.fr\/index.php\/wp-json\/wp\/v2\/product\/2046","targetHints":{"allow":["GET"]}}],"collection":[{"href":"https:\/\/jessmarket.fr\/index.php\/wp-json\/wp\/v2\/product"}],"about":[{"href":"https:\/\/jessmarket.fr\/index.php\/wp-json\/wp\/v2\/types\/product"}],"replies":[{"embeddable":true,"href":"https:\/\/jessmarket.fr\/index.php\/wp-json\/wp\/v2\/comments?post=2046"}],"wp:featuredmedia":[{"embeddable":true,"href":"https:\/\/jessmarket.fr\/index.php\/wp-json\/wp\/v2\/media\/2193"}],"wp:attachment":[{"href":"https:\/\/jessmarket.fr\/index.php\/wp-json\/wp\/v2\/media?parent=2046"}],"wp:term":[{"taxonomy":"product_brand","embeddable":true,"href":"https:\/\/jessmarket.fr\/index.php\/wp-json\/wp\/v2\/product_brand?post=2046"},{"taxonomy":"product_cat","embeddable":true,"href":"https:\/\/jessmarket.fr\/index.php\/wp-json\/wp\/v2\/product_cat?post=2046"},{"taxonomy":"product_tag","embeddable":true,"href":"https:\/\/jessmarket.fr\/index.php\/wp-json\/wp\/v2\/product_tag?post=2046"}],"curies":[{"name":"wp","href":"https:\/\/api.w.org\/{rel}","templated":true}]}}