{"id":2043,"date":"2024-09-08T16:38:06","date_gmt":"2024-09-08T14:38:06","guid":{"rendered":"https:\/\/jessmarket.fr\/?post_type=product&#038;p=2043"},"modified":"2024-09-08T16:50:10","modified_gmt":"2024-09-08T14:50:10","slug":"activilong-junior-kit-defrisant-kids-activilong-a-la-lamande-douce-sans-soude-440-g","status":"publish","type":"product","link":"https:\/\/jessmarket.fr\/index.php\/produit\/activilong-junior-kit-defrisant-kids-activilong-a-la-lamande-douce-sans-soude-440-g\/","title":{"rendered":"ACTIVILONG JUNIOR Kit d\u00e9frisant kids activilong \u00e0 la l&rsquo;amande douce sans soude 440 g"},"content":{"rendered":"<div class=\"flex max-w-full flex-col flex-grow\">\n<div class=\"min-h-[20px] text-message flex w-full flex-col items-end gap-2 break-words [.text-message+&amp;]:mt-5 overflow-x-auto whitespace-normal\" dir=\"auto\" data-message-author-role=\"assistant\" data-message-id=\"96c1b004-b3db-4e86-8a21-77443790baab\">\n<div class=\"flex w-full flex-col gap-1 empty:hidden first:pt-[3px]\">\n<div class=\"markdown prose w-full break-words dark:prose-invert light\">\n<div class=\"flex max-w-full flex-col flex-grow\">\n<div class=\"min-h-[20px] text-message flex w-full flex-col items-end gap-2 whitespace-normal break-words [.text-message+&amp;]:mt-5\" dir=\"auto\" data-message-author-role=\"assistant\" data-message-id=\"a4be05bb-0248-4a50-bfcf-8a750d1b37cf\">\n<div class=\"flex w-full flex-col gap-1 empty:hidden first:pt-[3px]\">\n<div class=\"markdown prose w-full break-words dark:prose-invert light\">\n<p>ACTIVILONG JUNIOR Kit d\u00e9frisant kids activilong \u00e0 la l&rsquo;amande douce sans soude 440 g<\/p>\n<p><strong>440g\u00a0<\/strong><\/p>\n<\/div>\n<\/div>\n<\/div>\n<\/div>\n<div class=\"mt-1 flex gap-3 empty:hidden -ml-2\">\n<div class=\"items-center justify-start rounded-xl p-1 flex\">\n<div class=\"flex items-center\">\n<p>Le <strong>Kit D\u00e9frisant Junior Kids Activilong<\/strong> avec conditionneur \u00e0 l\u2019amande douce, sans soude, a \u00e9t\u00e9 soigneusement con\u00e7u pour respecter et prot\u00e9ger la chevelure fragile des enfants. Gr\u00e2ce \u00e0 sa formule douce et sans ingr\u00e9dients agressifs, il lisse les cheveux en douceur tout en pr\u00e9servant leur sant\u00e9.<\/p>\n<p><strong>Avantages :<\/strong><\/p>\n<ul>\n<li><strong>Sans soude<\/strong>, pour une action non agressive sur le cuir chevelu d\u00e9licat des enfants<\/li>\n<li><strong>Amande douce<\/strong>, reconnue pour ses propri\u00e9t\u00e9s nourrissantes et apaisantes, aide \u00e0 hydrater et prot\u00e9ger la fibre capillaire<\/li>\n<li>Laisse les cheveux <strong>souples, doux<\/strong> et faciles \u00e0 coiffer<\/li>\n<li>Id\u00e9al pour un <strong>lissage en toute s\u00e9curit\u00e9<\/strong>, tout en maintenant la vitalit\u00e9 naturelle des cheveux<\/li>\n<\/ul>\n<p>Un soin parfaitement adapt\u00e9 aux besoins sp\u00e9cifiques des jeunes cheveux.<\/p>\n<\/div>\n<\/div>\n<\/div>\n<ul>\n<li>Poids : 440g<\/li>\n<\/ul>\n<\/div>\n<\/div>\n<\/div>\n<\/div>\n<div class=\"mt-1 flex gap-3 empty:hidden -ml-2\">\n<div class=\"items-center justify-start rounded-xl p-1 flex\">\n<div class=\"flex items-center\"><\/div>\n<\/div>\n<\/div>\n","protected":false},"excerpt":{"rendered":"<p>ACTIVILONG JUNIOR Kit d\u00e9frisant kids activilong \u00e0 la l&rsquo;amande douce sans soude 440 g\u00a0 3327520060008<\/p>\n","protected":false},"featured_media":2045,"comment_status":"open","ping_status":"closed","template":"","meta":{"om_disable_all_campaigns":false,"_monsterinsights_skip_tracking":false,"_monsterinsights_sitenote_active":false,"_monsterinsights_sitenote_note":"","_monsterinsights_sitenote_category":0,"_uf_show_specific_survey":0,"_uf_disable_surveys":false},"product_brand":[],"product_cat":[26],"product_tag":[],"class_list":{"0":"post-2043","1":"product","2":"type-product","3":"status-publish","4":"has-post-thumbnail","6":"product_cat-cosmetique-coiffures-cremes-huiles-afro","7":"product_shipping_class-livraison-programmees-sur-1-a-4-jours","9":"first","10":"instock","11":"featured","12":"shipping-taxable","13":"purchasable","14":"product-type-simple"},"aioseo_notices":[],"jetpack_sharing_enabled":true,"_links":{"self":[{"href":"https:\/\/jessmarket.fr\/index.php\/wp-json\/wp\/v2\/product\/2043","targetHints":{"allow":["GET"]}}],"collection":[{"href":"https:\/\/jessmarket.fr\/index.php\/wp-json\/wp\/v2\/product"}],"about":[{"href":"https:\/\/jessmarket.fr\/index.php\/wp-json\/wp\/v2\/types\/product"}],"replies":[{"embeddable":true,"href":"https:\/\/jessmarket.fr\/index.php\/wp-json\/wp\/v2\/comments?post=2043"}],"wp:featuredmedia":[{"embeddable":true,"href":"https:\/\/jessmarket.fr\/index.php\/wp-json\/wp\/v2\/media\/2045"}],"wp:attachment":[{"href":"https:\/\/jessmarket.fr\/index.php\/wp-json\/wp\/v2\/media?parent=2043"}],"wp:term":[{"taxonomy":"product_brand","embeddable":true,"href":"https:\/\/jessmarket.fr\/index.php\/wp-json\/wp\/v2\/product_brand?post=2043"},{"taxonomy":"product_cat","embeddable":true,"href":"https:\/\/jessmarket.fr\/index.php\/wp-json\/wp\/v2\/product_cat?post=2043"},{"taxonomy":"product_tag","embeddable":true,"href":"https:\/\/jessmarket.fr\/index.php\/wp-json\/wp\/v2\/product_tag?post=2043"}],"curies":[{"name":"wp","href":"https:\/\/api.w.org\/{rel}","templated":true}]}}