{"id":2042,"date":"2024-09-08T15:27:30","date_gmt":"2024-09-08T13:27:30","guid":{"rendered":"https:\/\/jessmarket.fr\/?post_type=product&#038;p=2042"},"modified":"2024-09-08T16:35:22","modified_gmt":"2024-09-08T14:35:22","slug":"pommade-capillaire-actigloss-nourish-hair-food-jojoba-et-macadamia-125-ml","status":"publish","type":"product","link":"https:\/\/jessmarket.fr\/index.php\/produit\/pommade-capillaire-actigloss-nourish-hair-food-jojoba-et-macadamia-125-ml\/","title":{"rendered":"Pommade capillaire Actigloss Nourish Hair Food &#8211; Jojoba et macadamia &#8211; 125 ml"},"content":{"rendered":"<div class=\"flex max-w-full flex-col flex-grow\">\n<div class=\"min-h-[20px] text-message flex w-full flex-col items-end gap-2 break-words [.text-message+&amp;]:mt-5 overflow-x-auto whitespace-normal\" dir=\"auto\" data-message-author-role=\"assistant\" data-message-id=\"96c1b004-b3db-4e86-8a21-77443790baab\">\n<div class=\"flex w-full flex-col gap-1 empty:hidden first:pt-[3px]\">\n<div class=\"markdown prose w-full break-words dark:prose-invert light\">\n<p><strong>Pommade Capillaire Actigloss Nourish Hair Food &#8211; Jojoba et Macadamia<\/strong><\/p>\n<p><strong>125 ml<\/strong><\/p>\n<p>Sp\u00e9cialement con\u00e7ue pour sublimer les cheveux fris\u00e9s et cr\u00e9pus, la <strong>pommade capillaire Actigloss Nourish<\/strong> nourrit en profondeur gr\u00e2ce \u00e0 l&rsquo;association des huiles de Jojoba et de Macadamia. Sa formule riche et l\u00e9g\u00e8re hydrate et discipline les cheveux, tout en d\u00e9finissant les boucles et en apportant une brillance naturelle.<\/p>\n<p><strong>B\u00e9n\u00e9fices :<\/strong><\/p>\n<ul>\n<li>Nourrit et prot\u00e8ge les cheveux secs<\/li>\n<li>Structure et maintient les boucles<\/li>\n<li>Apporte souplesse et brillance<\/li>\n<\/ul>\n<p>Id\u00e9ale pour cr\u00e9er des coiffures d\u00e9finies et disciplin\u00e9es, tout en prenant soin des cheveux textur\u00e9s.<\/p>\n<ul>\n<li>Poids : 125 g<\/li>\n<\/ul>\n<\/div>\n<\/div>\n<\/div>\n<\/div>\n<div class=\"mt-1 flex gap-3 empty:hidden -ml-2\">\n<div class=\"items-center justify-start rounded-xl p-1 flex\">\n<div class=\"flex items-center\"><\/div>\n<\/div>\n<\/div>\n","protected":false},"excerpt":{"rendered":"<p><strong>Pommade Capillaire Actigloss Nourish Hair Food &#8211; Jojoba et Macadamia <\/strong><strong>125 ml 3327520005047<\/strong><\/p>\n","protected":false},"featured_media":2032,"comment_status":"open","ping_status":"closed","template":"","meta":{"om_disable_all_campaigns":false,"_monsterinsights_skip_tracking":false,"_monsterinsights_sitenote_active":false,"_monsterinsights_sitenote_note":"","_monsterinsights_sitenote_category":0,"_uf_show_specific_survey":0,"_uf_disable_surveys":false},"product_brand":[],"product_cat":[26],"product_tag":[],"class_list":{"0":"post-2042","1":"product","2":"type-product","3":"status-publish","4":"has-post-thumbnail","6":"product_cat-cosmetique-coiffures-cremes-huiles-afro","7":"product_shipping_class-livraison-programmees-sur-1-a-4-jours","9":"first","10":"instock","11":"featured","12":"shipping-taxable","13":"purchasable","14":"product-type-simple"},"aioseo_notices":[],"jetpack_sharing_enabled":true,"_links":{"self":[{"href":"https:\/\/jessmarket.fr\/index.php\/wp-json\/wp\/v2\/product\/2042","targetHints":{"allow":["GET"]}}],"collection":[{"href":"https:\/\/jessmarket.fr\/index.php\/wp-json\/wp\/v2\/product"}],"about":[{"href":"https:\/\/jessmarket.fr\/index.php\/wp-json\/wp\/v2\/types\/product"}],"replies":[{"embeddable":true,"href":"https:\/\/jessmarket.fr\/index.php\/wp-json\/wp\/v2\/comments?post=2042"}],"wp:featuredmedia":[{"embeddable":true,"href":"https:\/\/jessmarket.fr\/index.php\/wp-json\/wp\/v2\/media\/2032"}],"wp:attachment":[{"href":"https:\/\/jessmarket.fr\/index.php\/wp-json\/wp\/v2\/media?parent=2042"}],"wp:term":[{"taxonomy":"product_brand","embeddable":true,"href":"https:\/\/jessmarket.fr\/index.php\/wp-json\/wp\/v2\/product_brand?post=2042"},{"taxonomy":"product_cat","embeddable":true,"href":"https:\/\/jessmarket.fr\/index.php\/wp-json\/wp\/v2\/product_cat?post=2042"},{"taxonomy":"product_tag","embeddable":true,"href":"https:\/\/jessmarket.fr\/index.php\/wp-json\/wp\/v2\/product_tag?post=2042"}],"curies":[{"name":"wp","href":"https:\/\/api.w.org\/{rel}","templated":true}]}}