{"id":2040,"date":"2024-09-08T15:11:26","date_gmt":"2024-09-08T13:11:26","guid":{"rendered":"https:\/\/jessmarket.fr\/?post_type=product&#038;p=2040"},"modified":"2024-11-09T19:37:31","modified_gmt":"2024-11-09T18:37:31","slug":"activilong-doux-kit-defrisant-sans-soude-actigloss-nourrish-doux-cheveux-defrises-nourris-et-brillants","status":"publish","type":"product","link":"https:\/\/jessmarket.fr\/index.php\/produit\/activilong-doux-kit-defrisant-sans-soude-actigloss-nourrish-doux-cheveux-defrises-nourris-et-brillants\/","title":{"rendered":"ACTIVILONG DOUX Kit D\u00e9frisant sans soude ACTIGLOSS NOURRISH &#8211; DOUX cheveux d\u00e9fris\u00e9s nourris et brillants"},"content":{"rendered":"<div class=\"flex max-w-full flex-col flex-grow\">\n<div class=\"min-h-[20px] text-message flex w-full flex-col items-end gap-2 break-words [.text-message+&amp;]:mt-5 overflow-x-auto whitespace-normal\" dir=\"auto\" data-message-author-role=\"assistant\" data-message-id=\"96c1b004-b3db-4e86-8a21-77443790baab\">\n<div class=\"flex w-full flex-col gap-1 empty:hidden first:pt-[3px]\">\n<div class=\"markdown prose w-full break-words dark:prose-invert light\">\n<div class=\"flex max-w-full flex-col flex-grow\">\n<div class=\"min-h-[20px] text-message flex w-full flex-col items-end gap-2 whitespace-normal break-words [.text-message+&amp;]:mt-5\" dir=\"auto\" data-message-author-role=\"assistant\" data-message-id=\"a4be05bb-0248-4a50-bfcf-8a750d1b37cf\">\n<div class=\"flex w-full flex-col gap-1 empty:hidden first:pt-[3px]\">\n<div class=\"markdown prose w-full break-words dark:prose-invert light\">\n<p><strong>Kit D\u00e9frisant Sans Soude &#8211; DOUX<\/strong><\/p>\n<p><strong>440g\u00a0<\/strong><\/p>\n<p>Sp\u00e9cialement con\u00e7u pour les cheveux fins et fragiles, le <strong>Kit D\u00e9frisant Relax Doux<\/strong> offre bien plus qu&rsquo;un simple d\u00e9frisage. Gr\u00e2ce \u00e0 sa formule enrichie en huiles pr\u00e9cieuses de Macadamia et de Jojoba, ce soin nourrit intens\u00e9ment la fibre capillaire tout en apportant une brillance \u00e9clatante \u00e0 vos cheveux.<\/p>\n<p>Sa texture onctueuse assure une application facile et uniforme, pour un r\u00e9sultat lisse, soyeux et sans frisottis.<\/p>\n<p><strong>Disponible en plusieurs forces<\/strong>, la gamme <strong>Relax<\/strong> s&rsquo;adapte parfaitement \u00e0 chaque type de cheveux pour une exp\u00e9rience d\u00e9frisante sur mesure.<\/p>\n<\/div>\n<\/div>\n<\/div>\n<\/div>\n<div class=\"mt-1 flex gap-3 empty:hidden -ml-2\">\n<div class=\"items-center justify-start rounded-xl p-1 flex\">\n<div class=\"flex items-center\"><\/div>\n<\/div>\n<\/div>\n<ul>\n<li>Poids : 440g<\/li>\n<\/ul>\n<\/div>\n<\/div>\n<\/div>\n<\/div>\n<div class=\"mt-1 flex gap-3 empty:hidden -ml-2\">\n<div class=\"items-center justify-start rounded-xl p-1 flex\">\n<div class=\"flex items-center\"><\/div>\n<\/div>\n<\/div>\n","protected":false},"excerpt":{"rendered":"<p>ACTIVILONG DOUX Kit D\u00e9frisant sans soude ACTIGLOSS NOURRISH &#8211; DOUX cheveux d\u00e9fris\u00e9s nourris et brillants 3327520005016<\/p>\n","protected":false},"featured_media":2192,"comment_status":"open","ping_status":"closed","template":"","meta":{"om_disable_all_campaigns":false,"_monsterinsights_skip_tracking":false,"_monsterinsights_sitenote_active":false,"_monsterinsights_sitenote_note":"","_monsterinsights_sitenote_category":0,"_uf_show_specific_survey":0,"_uf_disable_surveys":false},"product_brand":[],"product_cat":[26],"product_tag":[],"class_list":{"0":"post-2040","1":"product","2":"type-product","3":"status-publish","4":"has-post-thumbnail","6":"product_cat-cosmetique-coiffures-cremes-huiles-afro","7":"product_shipping_class-livraison-programmees-sur-1-a-4-jours","9":"first","10":"instock","11":"featured","12":"shipping-taxable","13":"purchasable","14":"product-type-simple"},"aioseo_notices":[],"jetpack_sharing_enabled":true,"_links":{"self":[{"href":"https:\/\/jessmarket.fr\/index.php\/wp-json\/wp\/v2\/product\/2040","targetHints":{"allow":["GET"]}}],"collection":[{"href":"https:\/\/jessmarket.fr\/index.php\/wp-json\/wp\/v2\/product"}],"about":[{"href":"https:\/\/jessmarket.fr\/index.php\/wp-json\/wp\/v2\/types\/product"}],"replies":[{"embeddable":true,"href":"https:\/\/jessmarket.fr\/index.php\/wp-json\/wp\/v2\/comments?post=2040"}],"wp:featuredmedia":[{"embeddable":true,"href":"https:\/\/jessmarket.fr\/index.php\/wp-json\/wp\/v2\/media\/2192"}],"wp:attachment":[{"href":"https:\/\/jessmarket.fr\/index.php\/wp-json\/wp\/v2\/media?parent=2040"}],"wp:term":[{"taxonomy":"product_brand","embeddable":true,"href":"https:\/\/jessmarket.fr\/index.php\/wp-json\/wp\/v2\/product_brand?post=2040"},{"taxonomy":"product_cat","embeddable":true,"href":"https:\/\/jessmarket.fr\/index.php\/wp-json\/wp\/v2\/product_cat?post=2040"},{"taxonomy":"product_tag","embeddable":true,"href":"https:\/\/jessmarket.fr\/index.php\/wp-json\/wp\/v2\/product_tag?post=2040"}],"curies":[{"name":"wp","href":"https:\/\/api.w.org\/{rel}","templated":true}]}}