{"id":2037,"date":"2024-09-08T14:57:38","date_gmt":"2024-09-08T12:57:38","guid":{"rendered":"https:\/\/jessmarket.fr\/?post_type=product&#038;p=2037"},"modified":"2024-09-22T22:19:45","modified_gmt":"2024-09-22T20:19:45","slug":"ampoules-poussitresses-fortifiantes-miss-antilles-international-4-x-10-ml","status":"publish","type":"product","link":"https:\/\/jessmarket.fr\/index.php\/produit\/ampoules-poussitresses-fortifiantes-miss-antilles-international-4-x-10-ml\/","title":{"rendered":"Ampoules Poussitresses Fortifiantes Miss Antilles International 4 x 10 mL"},"content":{"rendered":"<div class=\"flex max-w-full flex-col flex-grow\">\n<div class=\"min-h-[20px] text-message flex w-full flex-col items-end gap-2 break-words [.text-message+&amp;]:mt-5 overflow-x-auto whitespace-normal\" dir=\"auto\" data-message-author-role=\"assistant\" data-message-id=\"96c1b004-b3db-4e86-8a21-77443790baab\">\n<div class=\"flex w-full flex-col gap-1 empty:hidden first:pt-[3px]\">\n<div class=\"markdown prose w-full break-words dark:prose-invert light\">\n<p><strong>Ampoules Poussitresses Fortifiantes &#8211; Fluide Capillaire R\u00e9\u00e9quilibrant et Coiffant &#8211; Miss Antilles International<\/strong><br \/>\n<strong>4 x 10 mL<\/strong><br \/>\n<strong>6,90 \u20ac TTC<\/strong><\/p>\n<p>Prenez soin de vos cheveux avec les <strong>Ampoules Poussitresses Fortifiantes<\/strong> de <strong>Miss Antilles International<\/strong>. Ce traitement capillaire, en format pratique de 4 ampoules de 10 mL, est con\u00e7u pour r\u00e9\u00e9quilibrer, fortifier et nourrir en profondeur votre cuir chevelu. Il aide \u00e0 pr\u00e9venir les d\u00e9s\u00e9quilibres capillaires tout en favorisant une repousse saine et vigoureuse.<\/p>\n<p>Ce fluide fortifiant facilite \u00e9galement le coiffage, pour des cheveux plus souples, brillants et r\u00e9sistants. Un soin incontournable pour redonner force et vitalit\u00e9 \u00e0 vos cheveux !<\/p>\n<p><strong>N&rsquo;attendez plus, essayez- les et donnez votre avis !<\/strong><\/p>\n<ul>\n<li>Poids : 40 g<\/li>\n<\/ul>\n<\/div>\n<\/div>\n<\/div>\n<\/div>\n<div class=\"mt-1 flex gap-3 empty:hidden -ml-2\">\n<div class=\"items-center justify-start rounded-xl p-1 flex\">\n<div class=\"flex items-center\"><\/div>\n<\/div>\n<\/div>\n","protected":false},"excerpt":{"rendered":"<p>Ampoules Poussitresses Fortifiantes Miss Antilles International 4 x 10 mL<\/p>\n","protected":false},"featured_media":2068,"comment_status":"open","ping_status":"closed","template":"","meta":{"om_disable_all_campaigns":false,"_monsterinsights_skip_tracking":false,"_monsterinsights_sitenote_active":false,"_monsterinsights_sitenote_note":"","_monsterinsights_sitenote_category":0,"_uf_show_specific_survey":0,"_uf_disable_surveys":false},"product_brand":[],"product_cat":[26],"product_tag":[],"class_list":{"0":"post-2037","1":"product","2":"type-product","3":"status-publish","4":"has-post-thumbnail","6":"product_cat-cosmetique-coiffures-cremes-huiles-afro","7":"product_shipping_class-livraison-programmees-sur-1-a-4-jours","9":"first","10":"instock","11":"featured","12":"shipping-taxable","13":"purchasable","14":"product-type-simple"},"aioseo_notices":[],"jetpack_sharing_enabled":true,"_links":{"self":[{"href":"https:\/\/jessmarket.fr\/index.php\/wp-json\/wp\/v2\/product\/2037","targetHints":{"allow":["GET"]}}],"collection":[{"href":"https:\/\/jessmarket.fr\/index.php\/wp-json\/wp\/v2\/product"}],"about":[{"href":"https:\/\/jessmarket.fr\/index.php\/wp-json\/wp\/v2\/types\/product"}],"replies":[{"embeddable":true,"href":"https:\/\/jessmarket.fr\/index.php\/wp-json\/wp\/v2\/comments?post=2037"}],"wp:featuredmedia":[{"embeddable":true,"href":"https:\/\/jessmarket.fr\/index.php\/wp-json\/wp\/v2\/media\/2068"}],"wp:attachment":[{"href":"https:\/\/jessmarket.fr\/index.php\/wp-json\/wp\/v2\/media?parent=2037"}],"wp:term":[{"taxonomy":"product_brand","embeddable":true,"href":"https:\/\/jessmarket.fr\/index.php\/wp-json\/wp\/v2\/product_brand?post=2037"},{"taxonomy":"product_cat","embeddable":true,"href":"https:\/\/jessmarket.fr\/index.php\/wp-json\/wp\/v2\/product_cat?post=2037"},{"taxonomy":"product_tag","embeddable":true,"href":"https:\/\/jessmarket.fr\/index.php\/wp-json\/wp\/v2\/product_tag?post=2037"}],"curies":[{"name":"wp","href":"https:\/\/api.w.org\/{rel}","templated":true}]}}