{"id":2023,"date":"2024-08-26T20:31:18","date_gmt":"2024-08-26T18:31:18","guid":{"rendered":"https:\/\/jessmarket.fr\/?post_type=product&#038;p=2023"},"modified":"2024-08-26T20:42:33","modified_gmt":"2024-08-26T18:42:33","slug":"96-bourgogne-6-gr-bigen-acajou-fonce","status":"publish","type":"product","link":"https:\/\/jessmarket.fr\/index.php\/produit\/96-bourgogne-6-gr-bigen-acajou-fonce\/","title":{"rendered":"96 Bourgogne 6 gr Bigen ACAJOU FONCE"},"content":{"rendered":"<p>&nbsp;<\/p>\n<p><strong>Bigen 96 Bourgogne &#8211; 6 g<\/strong><\/p>\n<p>ACAJOU FONCE<\/p>\n<p>Obtenez une coloration permanente sans oxyg\u00e9nation. Cette poudre innovante assombrit les cheveux sans les ab\u00eemer, les laissant doux, \u00e9l\u00e9gants et d&rsquo;apparence naturelle. La formule en poudre s&rsquo;active avec de l&rsquo;eau et offre une couverture compl\u00e8te des cheveux gris. Sans peroxyde ni ammoniaque, elle assure une protection optimale tout en offrant une couleur intense et une brillance \u00e9clatante.<\/p>\n<p><strong>Mode d&rsquo;Utilisation :<\/strong><\/p>\n<ol>\n<li>Ajoutez simplement de l&rsquo;eau \u00e0 la poudre et m\u00e9langez jusqu&rsquo;\u00e0 obtenir une consistance lisse.<\/li>\n<li>Appliquez rapidement le m\u00e9lange sur cheveux secs.<\/li>\n<li>Laissez agir pendant 20 \u00e0 30 minutes.<\/li>\n<li>Rincez abondamment \u00e0 l&rsquo;eau ti\u00e8de jusqu&rsquo;\u00e0 ce que l&rsquo;eau soit claire.<\/li>\n<\/ol>\n<p>poids : 6 g<\/p>\n","protected":false},"excerpt":{"rendered":"<p><strong>Bigen 96 Bourgogne &#8211; 6 g \u00a0ACAJOU FONCE 4987205932397<\/strong><\/p>\n","protected":false},"featured_media":1975,"comment_status":"open","ping_status":"closed","template":"","meta":{"om_disable_all_campaigns":false,"_monsterinsights_skip_tracking":false,"_monsterinsights_sitenote_active":false,"_monsterinsights_sitenote_note":"","_monsterinsights_sitenote_category":0,"_uf_show_specific_survey":0,"_uf_disable_surveys":false},"product_brand":[],"product_cat":[26],"product_tag":[],"class_list":{"0":"post-2023","1":"product","2":"type-product","3":"status-publish","4":"has-post-thumbnail","6":"product_cat-cosmetique-coiffures-cremes-huiles-afro","7":"product_shipping_class-livraison-programmees-sur-1-a-4-jours","9":"first","10":"instock","11":"featured","12":"shipping-taxable","13":"purchasable","14":"product-type-simple"},"aioseo_notices":[],"jetpack_sharing_enabled":true,"_links":{"self":[{"href":"https:\/\/jessmarket.fr\/index.php\/wp-json\/wp\/v2\/product\/2023","targetHints":{"allow":["GET"]}}],"collection":[{"href":"https:\/\/jessmarket.fr\/index.php\/wp-json\/wp\/v2\/product"}],"about":[{"href":"https:\/\/jessmarket.fr\/index.php\/wp-json\/wp\/v2\/types\/product"}],"replies":[{"embeddable":true,"href":"https:\/\/jessmarket.fr\/index.php\/wp-json\/wp\/v2\/comments?post=2023"}],"wp:featuredmedia":[{"embeddable":true,"href":"https:\/\/jessmarket.fr\/index.php\/wp-json\/wp\/v2\/media\/1975"}],"wp:attachment":[{"href":"https:\/\/jessmarket.fr\/index.php\/wp-json\/wp\/v2\/media?parent=2023"}],"wp:term":[{"taxonomy":"product_brand","embeddable":true,"href":"https:\/\/jessmarket.fr\/index.php\/wp-json\/wp\/v2\/product_brand?post=2023"},{"taxonomy":"product_cat","embeddable":true,"href":"https:\/\/jessmarket.fr\/index.php\/wp-json\/wp\/v2\/product_cat?post=2023"},{"taxonomy":"product_tag","embeddable":true,"href":"https:\/\/jessmarket.fr\/index.php\/wp-json\/wp\/v2\/product_tag?post=2023"}],"curies":[{"name":"wp","href":"https:\/\/api.w.org\/{rel}","templated":true}]}}