{"id":2021,"date":"2024-08-26T20:11:28","date_gmt":"2024-08-26T18:11:28","guid":{"rendered":"https:\/\/jessmarket.fr\/?post_type=product&#038;p=2021"},"modified":"2024-08-26T20:28:10","modified_gmt":"2024-08-26T18:28:10","slug":"lusters-pink-short-looks-colorlaxer-3-n-1-passion-400-g","status":"publish","type":"product","link":"https:\/\/jessmarket.fr\/index.php\/produit\/lusters-pink-short-looks-colorlaxer-3-n-1-passion-400-g\/","title":{"rendered":"Luster&rsquo;s Pink Short Looks Colorlaxer 3-N-1 Passion 400 g"},"content":{"rendered":"<p><em><strong>Luster&rsquo;s Pink Short Looks Colorlaxer 3-N-1 Passion 400 g<\/strong><\/em><\/p>\n<p>&nbsp;<\/p>\n<p><strong>Colorez, d\u00e9frisez et revitalisez vos cheveux en un seul geste !<\/strong><\/p>\n<p>Con\u00e7u sp\u00e9cialement pour les cheveux afro courts (de 2,5 \u00e0 10 cm), le kit Luster\u2019s\u00ae Colorlaxer\u00ae 3-en-1 vous permet de r\u00e9aliser facilement, chez vous, un d\u00e9frisage et une coloration semi permanente en seulement 30 minutes. Avec ce produit innovant, vous n&rsquo;avez plus \u00e0 choisir entre d\u00e9friser, colorer ou revitaliser vos cheveux : faites tout en m\u00eame temps, comme une v\u00e9ritable professionnelle !<\/p>\n<p><strong>Pourquoi Choisir Luster\u2019s\u00ae Colorlaxer\u00ae 3-en-1 ?<\/strong><\/p>\n<ul>\n<li><strong>D\u00e9frisage et Couleur en Une Seule \u00c9tape<\/strong> : Obtenez des cheveux lisses et color\u00e9s tout en les revitalisant. Id\u00e9al pour couvrir jusqu&rsquo;\u00e0 20% de cheveux blancs, ce kit garantit une couleur \u00e9clatante et durable pendant plusieurs semaines.<\/li>\n<li><strong>Sans Ammoniaque, Sans Peroxyde<\/strong> : Formul\u00e9 pour prot\u00e9ger votre cuir chevelu, cette coloration ne tache pas et ne provoque pas d&rsquo;irritation, tout en assurant un soin doux et respectueux de vos cheveux.<\/li>\n<li><strong>Facile et Rapide<\/strong> : Transformez vos cheveux en 30 minutes ou moins, en suivant simplement les instructions fournies dans le kit. Attention : respectez rigoureusement le temps de pose recommand\u00e9 pour un r\u00e9sultat optimal, adapt\u00e9 \u00e0 la texture de vos cheveux.<\/li>\n<\/ul>\n<p><strong>Le Kit Colorlaxer\u00ae ShortLooks 3-en-1 Contient :<\/strong><\/p>\n<ol>\n<li>Cr\u00e8me d\u00e9frisante conditionneur sans soude (142 g)<\/li>\n<li>S\u00e9rum de couleur (16,3 ml)<\/li>\n<li>Shampooing neutralisant et nourrissant (44 ml)<\/li>\n<li>S\u00e9rum nourrissant (22 ml)<\/li>\n<li>Base de protection<\/li>\n<li>Paire de gants, mode d\u2019emploi et spatule<\/li>\n<\/ol>\n<p>Poids : 400 g<\/p>\n","protected":false},"excerpt":{"rendered":"<p><em><strong>Luster&rsquo;s Pink Short Looks Colorlaxer 3-N-1 Passion 400 g 38276005924<\/strong><\/em><\/p>\n","protected":false},"featured_media":2020,"comment_status":"open","ping_status":"closed","template":"","meta":{"om_disable_all_campaigns":false,"_monsterinsights_skip_tracking":false,"_monsterinsights_sitenote_active":false,"_monsterinsights_sitenote_note":"","_monsterinsights_sitenote_category":0,"_uf_show_specific_survey":0,"_uf_disable_surveys":false},"product_brand":[],"product_cat":[26],"product_tag":[],"class_list":{"0":"post-2021","1":"product","2":"type-product","3":"status-publish","4":"has-post-thumbnail","6":"product_cat-cosmetique-coiffures-cremes-huiles-afro","7":"product_shipping_class-livraison-programmees-sur-1-a-4-jours","9":"first","10":"instock","11":"featured","12":"shipping-taxable","13":"purchasable","14":"product-type-simple"},"aioseo_notices":[],"jetpack_sharing_enabled":true,"_links":{"self":[{"href":"https:\/\/jessmarket.fr\/index.php\/wp-json\/wp\/v2\/product\/2021","targetHints":{"allow":["GET"]}}],"collection":[{"href":"https:\/\/jessmarket.fr\/index.php\/wp-json\/wp\/v2\/product"}],"about":[{"href":"https:\/\/jessmarket.fr\/index.php\/wp-json\/wp\/v2\/types\/product"}],"replies":[{"embeddable":true,"href":"https:\/\/jessmarket.fr\/index.php\/wp-json\/wp\/v2\/comments?post=2021"}],"wp:featuredmedia":[{"embeddable":true,"href":"https:\/\/jessmarket.fr\/index.php\/wp-json\/wp\/v2\/media\/2020"}],"wp:attachment":[{"href":"https:\/\/jessmarket.fr\/index.php\/wp-json\/wp\/v2\/media?parent=2021"}],"wp:term":[{"taxonomy":"product_brand","embeddable":true,"href":"https:\/\/jessmarket.fr\/index.php\/wp-json\/wp\/v2\/product_brand?post=2021"},{"taxonomy":"product_cat","embeddable":true,"href":"https:\/\/jessmarket.fr\/index.php\/wp-json\/wp\/v2\/product_cat?post=2021"},{"taxonomy":"product_tag","embeddable":true,"href":"https:\/\/jessmarket.fr\/index.php\/wp-json\/wp\/v2\/product_tag?post=2021"}],"curies":[{"name":"wp","href":"https:\/\/api.w.org\/{rel}","templated":true}]}}