{"id":2018,"date":"2024-08-26T18:58:35","date_gmt":"2024-08-26T16:58:35","guid":{"rendered":"https:\/\/jessmarket.fr\/?post_type=product&#038;p=2018"},"modified":"2024-09-30T20:59:07","modified_gmt":"2024-09-30T18:59:07","slug":"cerelac-ble-lacte-miel-1kg-nestle","status":"publish","type":"product","link":"https:\/\/jessmarket.fr\/index.php\/produit\/cerelac-ble-lacte-miel-1kg-nestle\/","title":{"rendered":"C\u00e9r\u00e9lac Bl\u00e9 Lact\u00e9 Miel \u2013 1Kg Nestl\u00e9"},"content":{"rendered":"<h3><strong>C\u00e9r\u00e9lac Bl\u00e9 Lact\u00e9 Miel \u2013 1Kg<\/strong><\/h3>\n<p><strong>\u00a0 4,90 \u20ac\u00a0<\/strong><\/p>\n<p>Offrez \u00e0 votre b\u00e9b\u00e9 un d\u00e9licieux repas avec <strong>C\u00e9r\u00e9lac Bl\u00e9 Lact\u00e9 Miel<\/strong>. Ce produit associe la richesse des c\u00e9r\u00e9ales \u00e0 la douceur du miel, pour une alimentation \u00e9quilibr\u00e9e et gourmande. Adapt\u00e9 aux besoins nutritionnels des plus petits, il est facile \u00e0 pr\u00e9parer et id\u00e9al pour initier b\u00e9b\u00e9 \u00e0 de nouvelles saveurs.<\/p>\n<h4><strong>Liste des ingr\u00e9dients :<\/strong><\/h4>\n<ul>\n<li>C\u00e9r\u00e9ales (60,7 %) : Farine de bl\u00e9 hydrolys\u00e9e, Farine de bl\u00e9<\/li>\n<li>Lait \u00e9cr\u00e9m\u00e9 en poudre (25,6 %)<\/li>\n<li>Huiles v\u00e9g\u00e9tales (Colza, Coprah, Tournesol)<\/li>\n<li>Miel (5,5 %)<\/li>\n<li>Min\u00e9raux : Carbonate de calcium, Fumarate ferreux, Sulfate de zinc, Iodure de potassium<\/li>\n<li>Vitamines : Vitamine C, Niacine, E, Acide pantoth\u00e9nique, B1, A, B6, K, Acide folique, Biotine, D<\/li>\n<li>Ar\u00f4me : Vanilline<\/li>\n<li>Culture de bifidus (B. lactis)<\/li>\n<\/ul>\n<h4><strong>Valeurs nutritionnelles moyennes pour 100g :<\/strong><\/h4>\n<ul>\n<li><strong>\u00c9nergie<\/strong> : 426 kcal<\/li>\n<li><strong>Mati\u00e8res grasses<\/strong> : 10 g\n<ul>\n<li>Dont acides gras satur\u00e9s : 4,2 g<\/li>\n<\/ul>\n<\/li>\n<li><strong>Glucides<\/strong> : 68 g\n<ul>\n<li>Dont sucres : 34,1 g<\/li>\n<\/ul>\n<\/li>\n<li><strong>Fibres alimentaires<\/strong> : 2 g<\/li>\n<li><strong>Prot\u00e9ines<\/strong> : 15 g<\/li>\n<li><strong>Sel<\/strong> : 0,3 g<\/li>\n<\/ul>\n<h3><strong>B\u00e9n\u00e9fices :<\/strong><\/h3>\n<ul>\n<li>Contient des vitamines et min\u00e9raux essentiels pour une croissance optimale.<\/li>\n<li>Avec de la <strong>culture de bifidus<\/strong>, b\u00e9n\u00e9fique pour la flore intestinale.<\/li>\n<li><strong>Enrichi en miel<\/strong>, pour un go\u00fbt naturellement sucr\u00e9 appr\u00e9ci\u00e9 des b\u00e9b\u00e9s.<\/li>\n<\/ul>\n<p><strong>Poids : 1kg<\/strong><\/p>\n<p>Ajoutez ce produit \u00e0 votre panier d\u00e8s maintenant pour offrir une alimentation saine et savoureuse \u00e0 votre enfant !<\/p>\n","protected":false},"excerpt":{"rendered":"<h3><strong>C\u00e9r\u00e9lac Bl\u00e9 Lact\u00e9 Miel \u2013 1Kg <\/strong><strong>7616100581535<\/strong><\/h3>\n","protected":false},"featured_media":2166,"comment_status":"open","ping_status":"closed","template":"","meta":{"om_disable_all_campaigns":false,"_monsterinsights_skip_tracking":false,"_monsterinsights_sitenote_active":false,"_monsterinsights_sitenote_note":"","_monsterinsights_sitenote_category":0,"_uf_show_specific_survey":0,"_uf_disable_surveys":false},"product_brand":[],"product_cat":[45],"product_tag":[],"class_list":{"0":"post-2018","1":"product","2":"type-product","3":"status-publish","4":"has-post-thumbnail","6":"product_cat-bebe","7":"product_shipping_class-livraison-programmees-sur-1-a-4-jours","9":"first","10":"instock","11":"featured","12":"shipping-taxable","13":"purchasable","14":"product-type-simple"},"aioseo_notices":[],"jetpack_sharing_enabled":true,"_links":{"self":[{"href":"https:\/\/jessmarket.fr\/index.php\/wp-json\/wp\/v2\/product\/2018","targetHints":{"allow":["GET"]}}],"collection":[{"href":"https:\/\/jessmarket.fr\/index.php\/wp-json\/wp\/v2\/product"}],"about":[{"href":"https:\/\/jessmarket.fr\/index.php\/wp-json\/wp\/v2\/types\/product"}],"replies":[{"embeddable":true,"href":"https:\/\/jessmarket.fr\/index.php\/wp-json\/wp\/v2\/comments?post=2018"}],"wp:featuredmedia":[{"embeddable":true,"href":"https:\/\/jessmarket.fr\/index.php\/wp-json\/wp\/v2\/media\/2166"}],"wp:attachment":[{"href":"https:\/\/jessmarket.fr\/index.php\/wp-json\/wp\/v2\/media?parent=2018"}],"wp:term":[{"taxonomy":"product_brand","embeddable":true,"href":"https:\/\/jessmarket.fr\/index.php\/wp-json\/wp\/v2\/product_brand?post=2018"},{"taxonomy":"product_cat","embeddable":true,"href":"https:\/\/jessmarket.fr\/index.php\/wp-json\/wp\/v2\/product_cat?post=2018"},{"taxonomy":"product_tag","embeddable":true,"href":"https:\/\/jessmarket.fr\/index.php\/wp-json\/wp\/v2\/product_tag?post=2018"}],"curies":[{"name":"wp","href":"https:\/\/api.w.org\/{rel}","templated":true}]}}