{"id":2016,"date":"2024-08-26T18:44:53","date_gmt":"2024-08-26T16:44:53","guid":{"rendered":"https:\/\/jessmarket.fr\/?post_type=product&#038;p=2016"},"modified":"2024-08-26T18:52:51","modified_gmt":"2024-08-26T16:52:51","slug":"2-jours-propre-lotion-40ml","status":"publish","type":"product","link":"https:\/\/jessmarket.fr\/index.php\/produit\/2-jours-propre-lotion-40ml\/","title":{"rendered":"2 JOURS PROPRE LOTION 40ml"},"content":{"rendered":"<p><em><strong>2 JOURS PROPRE LOTION 40ml 6186000188291<\/strong><\/em><\/p>\n<p>&nbsp;<\/p>\n<p style=\"text-align: center;\">Lotion 2 JOURS PROPRE<br \/>\nCr\u00e8me R\u00e9paratrice Visage Extra Forte &#8211; 40 ml<\/p>\n<p style=\"text-align: center;\">\u00c0 propos de la marque 2 JOURS PROPRE :<br \/>\nSp\u00e9cialis\u00e9e dans les produits capillaires pour cheveux afro, cr\u00e9pus, et boucl\u00e9s, ainsi que dans les soins visage et corps,<\/p>\n<p style=\"text-align: center;\">cette marque propose des cosm\u00e9tiques adapt\u00e9s aux peaux noires.<\/p>\n","protected":false},"excerpt":{"rendered":"<p><em><strong>2 JOURS PROPRE LOTION 40ml <\/strong><\/em><\/p>\n","protected":false},"featured_media":2015,"comment_status":"open","ping_status":"closed","template":"","meta":{"om_disable_all_campaigns":false,"_monsterinsights_skip_tracking":false,"_monsterinsights_sitenote_active":false,"_monsterinsights_sitenote_note":"","_monsterinsights_sitenote_category":0,"_uf_show_specific_survey":0,"_uf_disable_surveys":false},"product_brand":[],"product_cat":[26],"product_tag":[],"class_list":{"0":"post-2016","1":"product","2":"type-product","3":"status-publish","4":"has-post-thumbnail","6":"product_cat-cosmetique-coiffures-cremes-huiles-afro","7":"product_shipping_class-livraison-programmees-sur-1-a-4-jours","9":"first","10":"instock","11":"featured","12":"shipping-taxable","13":"purchasable","14":"product-type-simple"},"aioseo_notices":[],"jetpack_sharing_enabled":true,"_links":{"self":[{"href":"https:\/\/jessmarket.fr\/index.php\/wp-json\/wp\/v2\/product\/2016","targetHints":{"allow":["GET"]}}],"collection":[{"href":"https:\/\/jessmarket.fr\/index.php\/wp-json\/wp\/v2\/product"}],"about":[{"href":"https:\/\/jessmarket.fr\/index.php\/wp-json\/wp\/v2\/types\/product"}],"replies":[{"embeddable":true,"href":"https:\/\/jessmarket.fr\/index.php\/wp-json\/wp\/v2\/comments?post=2016"}],"wp:featuredmedia":[{"embeddable":true,"href":"https:\/\/jessmarket.fr\/index.php\/wp-json\/wp\/v2\/media\/2015"}],"wp:attachment":[{"href":"https:\/\/jessmarket.fr\/index.php\/wp-json\/wp\/v2\/media?parent=2016"}],"wp:term":[{"taxonomy":"product_brand","embeddable":true,"href":"https:\/\/jessmarket.fr\/index.php\/wp-json\/wp\/v2\/product_brand?post=2016"},{"taxonomy":"product_cat","embeddable":true,"href":"https:\/\/jessmarket.fr\/index.php\/wp-json\/wp\/v2\/product_cat?post=2016"},{"taxonomy":"product_tag","embeddable":true,"href":"https:\/\/jessmarket.fr\/index.php\/wp-json\/wp\/v2\/product_tag?post=2016"}],"curies":[{"name":"wp","href":"https:\/\/api.w.org\/{rel}","templated":true}]}}