{"id":2006,"date":"2024-08-25T18:51:38","date_gmt":"2024-08-25T16:51:38","guid":{"rendered":"https:\/\/jessmarket.fr\/?post_type=product&#038;p=2006"},"modified":"2024-08-25T19:02:40","modified_gmt":"2024-08-25T17:02:40","slug":"miss-antilles-international-shampooing-nourrissant-avocat-250-ml","status":"publish","type":"product","link":"https:\/\/jessmarket.fr\/index.php\/produit\/miss-antilles-international-shampooing-nourrissant-avocat-250-ml\/","title":{"rendered":"Miss Antilles International Shampooing Nourrissant Avocat 250 ml"},"content":{"rendered":"<p><em><strong>Miss Antilles International Shampooing Nourrissant Avocat 250 ml<\/strong><\/em><\/p>\n<p style=\"text-align: center;\">L&rsquo;huile d&rsquo;avocat, exceptionnellement riche en lipides et en vitamines A, D et E, est un ingr\u00e9dient pr\u00e9cieux pour nourrir en profondeur les cheveux et cuirs chevelus secs.<\/p>\n<p style=\"text-align: center;\">Ce shampoing doux et cr\u00e9meux combine les bienfaits de l&rsquo;huile d&rsquo;avocat avec des agents adoucissants et des \u00e9l\u00e9ments cationiques pour un effet nourrissant et conditionneur optimal.<\/p>\n<p style=\"text-align: center;\">Il hydrate intens\u00e9ment, laisse les cheveux souples, brillants, et facilite le d\u00e9m\u00ealage, transformant chaque lavage en un v\u00e9ritable soin r\u00e9parateur.<\/p>\n<p style=\"text-align: center;\">.<\/p>\n","protected":false},"excerpt":{"rendered":"<p>Miss Antilles International Shampooing Nourrissant Avocat 250 ml<\/p>\n","protected":false},"featured_media":2007,"comment_status":"open","ping_status":"closed","template":"","meta":{"om_disable_all_campaigns":false,"_monsterinsights_skip_tracking":false,"_monsterinsights_sitenote_active":false,"_monsterinsights_sitenote_note":"","_monsterinsights_sitenote_category":0,"_uf_show_specific_survey":0,"_uf_disable_surveys":false},"product_brand":[],"product_cat":[26],"product_tag":[],"class_list":{"0":"post-2006","1":"product","2":"type-product","3":"status-publish","4":"has-post-thumbnail","6":"product_cat-cosmetique-coiffures-cremes-huiles-afro","7":"product_shipping_class-livraison-programmees-sur-1-a-4-jours","9":"first","10":"instock","11":"featured","12":"shipping-taxable","13":"purchasable","14":"product-type-simple"},"aioseo_notices":[],"jetpack_sharing_enabled":true,"_links":{"self":[{"href":"https:\/\/jessmarket.fr\/index.php\/wp-json\/wp\/v2\/product\/2006","targetHints":{"allow":["GET"]}}],"collection":[{"href":"https:\/\/jessmarket.fr\/index.php\/wp-json\/wp\/v2\/product"}],"about":[{"href":"https:\/\/jessmarket.fr\/index.php\/wp-json\/wp\/v2\/types\/product"}],"replies":[{"embeddable":true,"href":"https:\/\/jessmarket.fr\/index.php\/wp-json\/wp\/v2\/comments?post=2006"}],"wp:featuredmedia":[{"embeddable":true,"href":"https:\/\/jessmarket.fr\/index.php\/wp-json\/wp\/v2\/media\/2007"}],"wp:attachment":[{"href":"https:\/\/jessmarket.fr\/index.php\/wp-json\/wp\/v2\/media?parent=2006"}],"wp:term":[{"taxonomy":"product_brand","embeddable":true,"href":"https:\/\/jessmarket.fr\/index.php\/wp-json\/wp\/v2\/product_brand?post=2006"},{"taxonomy":"product_cat","embeddable":true,"href":"https:\/\/jessmarket.fr\/index.php\/wp-json\/wp\/v2\/product_cat?post=2006"},{"taxonomy":"product_tag","embeddable":true,"href":"https:\/\/jessmarket.fr\/index.php\/wp-json\/wp\/v2\/product_tag?post=2006"}],"curies":[{"name":"wp","href":"https:\/\/api.w.org\/{rel}","templated":true}]}}