{"id":1029,"date":"2022-04-28T22:50:53","date_gmt":"2022-04-28T20:50:53","guid":{"rendered":"https:\/\/jessmarket.fr\/?post_type=product&#038;p=1029"},"modified":"2024-09-08T20:26:34","modified_gmt":"2024-09-08T18:26:34","slug":"beurre-de-karite-adeline-170-g","status":"publish","type":"product","link":"https:\/\/jessmarket.fr\/index.php\/produit\/beurre-de-karite-adeline-170-g\/","title":{"rendered":"beurre de Karit\u00e9 Adeline 170 g"},"content":{"rendered":"<p><strong>Beurre de Karit\u00e9 Adeline &#8211; 170 g<\/strong><\/p>\n<p>Le <strong>Beurre de Karit\u00e9 Adeline<\/strong> (170 g) est un soin naturel hautement efficace, con\u00e7u pour revitaliser et nourrir les cheveux secs, cassants et ternes, ainsi que pour apaiser les peaux s\u00e8ches et sensibles.<\/p>\n<p><strong>Avantages :<\/strong><\/p>\n<ul>\n<li><strong>Hydratation intense<\/strong> : Formul\u00e9 avec 100% de beurre de karit\u00e9 pur, il offre une nutrition en profondeur, restaurer la douceur et la vitalit\u00e9 de vos cheveux et de votre peau.<\/li>\n<li><strong>R\u00e9paration des cheveux<\/strong> : Restaure l&rsquo;\u00e9clat et la force des cheveux d\u00e9vitalis\u00e9s, tout en r\u00e9duisant la casse et les frisottis pour une chevelure plus lisse et plus brillante.<\/li>\n<li><strong>Apaisement des peaux sensibles<\/strong> : Excellente pour calmer les irritations et fournir une hydratation durable aux peaux s\u00e8ches.<\/li>\n<li><strong>Ingr\u00e9dient pur<\/strong> : Sans additifs, ce beurre de karit\u00e9 d\u2019origine b\u00e9ninoise garantit une qualit\u00e9 exceptionnelle et une efficacit\u00e9 optimale.<\/li>\n<\/ul>\n<p>Un soin polyvalent et naturel pour des cheveux revitalis\u00e9s et une peau douce et profond\u00e9ment nourrie.<\/p>\n<p>Poids : <strong>170 g<\/strong><\/p>\n","protected":false},"excerpt":{"rendered":"<p>beurre de Karit\u00e9 Adeline 170 g<\/p>\n<p>Cheveux secs,cassants,ternes ,d\u00e9vitalis\u00e9s et pour les peaux s\u00e8ches et sensibles<\/p>\n<p>ingr\u00e9dients : beurre de karit\u00e9 100 % sans additifs Origine B\u00e9nin<\/p>\n","protected":false},"featured_media":432,"comment_status":"open","ping_status":"closed","template":"","meta":{"om_disable_all_campaigns":false,"_monsterinsights_skip_tracking":false,"_monsterinsights_sitenote_active":false,"_monsterinsights_sitenote_note":"","_monsterinsights_sitenote_category":0,"_uf_show_specific_survey":0,"_uf_disable_surveys":false},"product_brand":[],"product_cat":[26],"product_tag":[],"class_list":{"0":"post-1029","1":"product","2":"type-product","3":"status-publish","4":"has-post-thumbnail","6":"product_cat-cosmetique-coiffures-cremes-huiles-afro","7":"product_shipping_class-livraison-programmees-sur-1-a-4-jours","9":"first","10":"instock","11":"featured","12":"shipping-taxable","13":"purchasable","14":"product-type-simple"},"aioseo_notices":[],"jetpack_sharing_enabled":true,"_links":{"self":[{"href":"https:\/\/jessmarket.fr\/index.php\/wp-json\/wp\/v2\/product\/1029","targetHints":{"allow":["GET"]}}],"collection":[{"href":"https:\/\/jessmarket.fr\/index.php\/wp-json\/wp\/v2\/product"}],"about":[{"href":"https:\/\/jessmarket.fr\/index.php\/wp-json\/wp\/v2\/types\/product"}],"replies":[{"embeddable":true,"href":"https:\/\/jessmarket.fr\/index.php\/wp-json\/wp\/v2\/comments?post=1029"}],"wp:featuredmedia":[{"embeddable":true,"href":"https:\/\/jessmarket.fr\/index.php\/wp-json\/wp\/v2\/media\/432"}],"wp:attachment":[{"href":"https:\/\/jessmarket.fr\/index.php\/wp-json\/wp\/v2\/media?parent=1029"}],"wp:term":[{"taxonomy":"product_brand","embeddable":true,"href":"https:\/\/jessmarket.fr\/index.php\/wp-json\/wp\/v2\/product_brand?post=1029"},{"taxonomy":"product_cat","embeddable":true,"href":"https:\/\/jessmarket.fr\/index.php\/wp-json\/wp\/v2\/product_cat?post=1029"},{"taxonomy":"product_tag","embeddable":true,"href":"https:\/\/jessmarket.fr\/index.php\/wp-json\/wp\/v2\/product_tag?post=1029"}],"curies":[{"name":"wp","href":"https:\/\/api.w.org\/{rel}","templated":true}]}}